{"id":6459,"date":"2022-11-11T14:34:08","date_gmt":"2022-11-11T12:34:08","guid":{"rendered":"https:\/\/leenek.com\/kloon\/product\/standing-stegosaurus\/"},"modified":"2022-11-11T14:34:08","modified_gmt":"2022-11-11T12:34:08","slug":"standing-stegosaurus","status":"publish","type":"product","link":"https:\/\/leenek.com\/kloon\/product\/standing-stegosaurus\/","title":{"rendered":"Standing Stegosaurus"},"content":{"rendered":"<p>This toy is the perfect gift for any child that likes to have fun! Made from organic materials, it\u2019s incredibly safe to play with!<\/p>\n","protected":false},"excerpt":{"rendered":"<p>Lorem ipsum dolor sit amet, consectet adipiscing\u00a0elit,sed do eiusm por incididunt ut labore et dolore magna aliqua. Ut enim ad minim veniam, quis nostrud exercitation ullamco laboris nisi ut aliquip ex ea sint occaecat.<\/p>\n","protected":false},"featured_media":6457,"comment_status":"open","ping_status":"closed","template":"","meta":{"site-sidebar-layout":"default","site-content-layout":"default","ast-global-header-display":"","ast-main-header-display":"","ast-hfb-above-header-display":"","ast-hfb-below-header-display":"","ast-hfb-mobile-header-display":"","site-post-title":"","ast-breadcrumbs-content":"","ast-featured-img":"","footer-sml-layout":"","theme-transparent-header-meta":"","adv-header-id-meta":"","stick-header-meta":"","header-above-stick-meta":"","header-main-stick-meta":"","header-below-stick-meta":""},"product_cat":[118],"product_tag":[],"class_list":["post-6459","product","type-product","status-publish","has-post-thumbnail","hentry","product_cat-toys","desktop-align-left","tablet-align-left","mobile-align-left"],"yoast_head":"<!-- This site is optimized with the Yoast SEO plugin v27.5 - https:\/\/yoast.com\/product\/yoast-seo-wordpress\/ -->\n<title>Standing Stegosaurus - Leenek k\u00e4sit\u00f6\u00f6kotid<\/title>\n<meta name=\"robots\" content=\"index, follow, max-snippet:-1, max-image-preview:large, max-video-preview:-1\" \/>\n<link rel=\"canonical\" href=\"https:\/\/leenek.com\/kloon\/product\/standing-stegosaurus\/\" \/>\n<meta property=\"og:locale\" content=\"et_EE\" \/>\n<meta property=\"og:type\" content=\"article\" \/>\n<meta property=\"og:title\" content=\"Standing Stegosaurus - Leenek k\u00e4sit\u00f6\u00f6kotid\" \/>\n<meta property=\"og:description\" content=\"Lorem ipsum dolor sit amet, consectet adipiscing\u00a0elit,sed do eiusm por incididunt ut labore et dolore magna aliqua. Ut enim ad minim veniam, quis nostrud exercitation ullamco laboris nisi ut aliquip ex ea sint occaecat.\" \/>\n<meta property=\"og:url\" content=\"https:\/\/leenek.com\/kloon\/product\/standing-stegosaurus\/\" \/>\n<meta property=\"og:site_name\" content=\"Leenek k\u00e4sit\u00f6\u00f6kotid\" \/>\n<meta property=\"og:image\" content=\"https:\/\/leenek.com\/kloon\/wp-content\/uploads\/2022\/02\/Toys-Product_03.jpg\" \/>\n\t<meta property=\"og:image:width\" content=\"820\" \/>\n\t<meta property=\"og:image:height\" content=\"730\" \/>\n\t<meta property=\"og:image:type\" content=\"image\/jpeg\" \/>\n<meta name=\"twitter:card\" content=\"summary_large_image\" \/>\n<script type=\"application\/ld+json\" class=\"yoast-schema-graph\">{\"@context\":\"https:\\\/\\\/schema.org\",\"@graph\":[{\"@type\":\"WebPage\",\"@id\":\"https:\\\/\\\/leenek.com\\\/kloon\\\/product\\\/standing-stegosaurus\\\/\",\"url\":\"https:\\\/\\\/leenek.com\\\/kloon\\\/product\\\/standing-stegosaurus\\\/\",\"name\":\"Standing Stegosaurus - Leenek k\u00e4sit\u00f6\u00f6kotid\",\"isPartOf\":{\"@id\":\"https:\\\/\\\/leenek.com\\\/kloon\\\/#website\"},\"primaryImageOfPage\":{\"@id\":\"https:\\\/\\\/leenek.com\\\/kloon\\\/product\\\/standing-stegosaurus\\\/#primaryimage\"},\"image\":{\"@id\":\"https:\\\/\\\/leenek.com\\\/kloon\\\/product\\\/standing-stegosaurus\\\/#primaryimage\"},\"thumbnailUrl\":\"https:\\\/\\\/leenek.com\\\/kloon\\\/wp-content\\\/uploads\\\/2022\\\/02\\\/Toys-Product_03.jpg\",\"datePublished\":\"2022-11-11T12:34:08+00:00\",\"breadcrumb\":{\"@id\":\"https:\\\/\\\/leenek.com\\\/kloon\\\/product\\\/standing-stegosaurus\\\/#breadcrumb\"},\"inLanguage\":\"et\",\"potentialAction\":[{\"@type\":\"ReadAction\",\"target\":[\"https:\\\/\\\/leenek.com\\\/kloon\\\/product\\\/standing-stegosaurus\\\/\"]}]},{\"@type\":\"ImageObject\",\"inLanguage\":\"et\",\"@id\":\"https:\\\/\\\/leenek.com\\\/kloon\\\/product\\\/standing-stegosaurus\\\/#primaryimage\",\"url\":\"https:\\\/\\\/leenek.com\\\/kloon\\\/wp-content\\\/uploads\\\/2022\\\/02\\\/Toys-Product_03.jpg\",\"contentUrl\":\"https:\\\/\\\/leenek.com\\\/kloon\\\/wp-content\\\/uploads\\\/2022\\\/02\\\/Toys-Product_03.jpg\",\"width\":820,\"height\":730},{\"@type\":\"BreadcrumbList\",\"@id\":\"https:\\\/\\\/leenek.com\\\/kloon\\\/product\\\/standing-stegosaurus\\\/#breadcrumb\",\"itemListElement\":[{\"@type\":\"ListItem\",\"position\":1,\"name\":\"Home\",\"item\":\"https:\\\/\\\/leenek.com\\\/kloon\\\/\"},{\"@type\":\"ListItem\",\"position\":2,\"name\":\"Pood\",\"item\":\"https:\\\/\\\/leenek.com\\\/kloon\\\/pood\\\/\"},{\"@type\":\"ListItem\",\"position\":3,\"name\":\"Standing Stegosaurus\"}]},{\"@type\":\"WebSite\",\"@id\":\"https:\\\/\\\/leenek.com\\\/kloon\\\/#website\",\"url\":\"https:\\\/\\\/leenek.com\\\/kloon\\\/\",\"name\":\"Leenek k\u00e4sit\u00f6\u00f6kotid\",\"description\":\"K\u00e4sti\u00f6\u00f6na valminud kotid ja palju muud\",\"publisher\":{\"@id\":\"https:\\\/\\\/leenek.com\\\/kloon\\\/#organization\"},\"potentialAction\":[{\"@type\":\"SearchAction\",\"target\":{\"@type\":\"EntryPoint\",\"urlTemplate\":\"https:\\\/\\\/leenek.com\\\/kloon\\\/?s={search_term_string}\"},\"query-input\":{\"@type\":\"PropertyValueSpecification\",\"valueRequired\":true,\"valueName\":\"search_term_string\"}}],\"inLanguage\":\"et\"},{\"@type\":\"Organization\",\"@id\":\"https:\\\/\\\/leenek.com\\\/kloon\\\/#organization\",\"name\":\"Leenek k\u00e4sit\u00f6\u00f6kotid\",\"url\":\"https:\\\/\\\/leenek.com\\\/kloon\\\/\",\"logo\":{\"@type\":\"ImageObject\",\"inLanguage\":\"et\",\"@id\":\"https:\\\/\\\/leenek.com\\\/kloon\\\/#\\\/schema\\\/logo\\\/image\\\/\",\"url\":\"https:\\\/\\\/leenek.com\\\/kloon\\\/wp-content\\\/uploads\\\/2021\\\/09\\\/namelogo-lght-grad-transp-3.png\",\"contentUrl\":\"https:\\\/\\\/leenek.com\\\/kloon\\\/wp-content\\\/uploads\\\/2021\\\/09\\\/namelogo-lght-grad-transp-3.png\",\"width\":987,\"height\":307,\"caption\":\"Leenek k\u00e4sit\u00f6\u00f6kotid\"},\"image\":{\"@id\":\"https:\\\/\\\/leenek.com\\\/kloon\\\/#\\\/schema\\\/logo\\\/image\\\/\"}}]}<\/script>\n<!-- \/ Yoast SEO plugin. -->","yoast_head_json":{"title":"Standing Stegosaurus - Leenek k\u00e4sit\u00f6\u00f6kotid","robots":{"index":"index","follow":"follow","max-snippet":"max-snippet:-1","max-image-preview":"max-image-preview:large","max-video-preview":"max-video-preview:-1"},"canonical":"https:\/\/leenek.com\/kloon\/product\/standing-stegosaurus\/","og_locale":"et_EE","og_type":"article","og_title":"Standing Stegosaurus - Leenek k\u00e4sit\u00f6\u00f6kotid","og_description":"Lorem ipsum dolor sit amet, consectet adipiscing\u00a0elit,sed do eiusm por incididunt ut labore et dolore magna aliqua. Ut enim ad minim veniam, quis nostrud exercitation ullamco laboris nisi ut aliquip ex ea sint occaecat.","og_url":"https:\/\/leenek.com\/kloon\/product\/standing-stegosaurus\/","og_site_name":"Leenek k\u00e4sit\u00f6\u00f6kotid","og_image":[{"width":820,"height":730,"url":"https:\/\/leenek.com\/kloon\/wp-content\/uploads\/2022\/02\/Toys-Product_03.jpg","type":"image\/jpeg"}],"twitter_card":"summary_large_image","schema":{"@context":"https:\/\/schema.org","@graph":[{"@type":"WebPage","@id":"https:\/\/leenek.com\/kloon\/product\/standing-stegosaurus\/","url":"https:\/\/leenek.com\/kloon\/product\/standing-stegosaurus\/","name":"Standing Stegosaurus - Leenek k\u00e4sit\u00f6\u00f6kotid","isPartOf":{"@id":"https:\/\/leenek.com\/kloon\/#website"},"primaryImageOfPage":{"@id":"https:\/\/leenek.com\/kloon\/product\/standing-stegosaurus\/#primaryimage"},"image":{"@id":"https:\/\/leenek.com\/kloon\/product\/standing-stegosaurus\/#primaryimage"},"thumbnailUrl":"https:\/\/leenek.com\/kloon\/wp-content\/uploads\/2022\/02\/Toys-Product_03.jpg","datePublished":"2022-11-11T12:34:08+00:00","breadcrumb":{"@id":"https:\/\/leenek.com\/kloon\/product\/standing-stegosaurus\/#breadcrumb"},"inLanguage":"et","potentialAction":[{"@type":"ReadAction","target":["https:\/\/leenek.com\/kloon\/product\/standing-stegosaurus\/"]}]},{"@type":"ImageObject","inLanguage":"et","@id":"https:\/\/leenek.com\/kloon\/product\/standing-stegosaurus\/#primaryimage","url":"https:\/\/leenek.com\/kloon\/wp-content\/uploads\/2022\/02\/Toys-Product_03.jpg","contentUrl":"https:\/\/leenek.com\/kloon\/wp-content\/uploads\/2022\/02\/Toys-Product_03.jpg","width":820,"height":730},{"@type":"BreadcrumbList","@id":"https:\/\/leenek.com\/kloon\/product\/standing-stegosaurus\/#breadcrumb","itemListElement":[{"@type":"ListItem","position":1,"name":"Home","item":"https:\/\/leenek.com\/kloon\/"},{"@type":"ListItem","position":2,"name":"Pood","item":"https:\/\/leenek.com\/kloon\/pood\/"},{"@type":"ListItem","position":3,"name":"Standing Stegosaurus"}]},{"@type":"WebSite","@id":"https:\/\/leenek.com\/kloon\/#website","url":"https:\/\/leenek.com\/kloon\/","name":"Leenek k\u00e4sit\u00f6\u00f6kotid","description":"K\u00e4sti\u00f6\u00f6na valminud kotid ja palju muud","publisher":{"@id":"https:\/\/leenek.com\/kloon\/#organization"},"potentialAction":[{"@type":"SearchAction","target":{"@type":"EntryPoint","urlTemplate":"https:\/\/leenek.com\/kloon\/?s={search_term_string}"},"query-input":{"@type":"PropertyValueSpecification","valueRequired":true,"valueName":"search_term_string"}}],"inLanguage":"et"},{"@type":"Organization","@id":"https:\/\/leenek.com\/kloon\/#organization","name":"Leenek k\u00e4sit\u00f6\u00f6kotid","url":"https:\/\/leenek.com\/kloon\/","logo":{"@type":"ImageObject","inLanguage":"et","@id":"https:\/\/leenek.com\/kloon\/#\/schema\/logo\/image\/","url":"https:\/\/leenek.com\/kloon\/wp-content\/uploads\/2021\/09\/namelogo-lght-grad-transp-3.png","contentUrl":"https:\/\/leenek.com\/kloon\/wp-content\/uploads\/2021\/09\/namelogo-lght-grad-transp-3.png","width":987,"height":307,"caption":"Leenek k\u00e4sit\u00f6\u00f6kotid"},"image":{"@id":"https:\/\/leenek.com\/kloon\/#\/schema\/logo\/image\/"}}]}},"_links":{"self":[{"href":"https:\/\/leenek.com\/kloon\/wp-json\/wp\/v2\/product\/6459","targetHints":{"allow":["GET"]}}],"collection":[{"href":"https:\/\/leenek.com\/kloon\/wp-json\/wp\/v2\/product"}],"about":[{"href":"https:\/\/leenek.com\/kloon\/wp-json\/wp\/v2\/types\/product"}],"replies":[{"embeddable":true,"href":"https:\/\/leenek.com\/kloon\/wp-json\/wp\/v2\/comments?post=6459"}],"version-history":[{"count":0,"href":"https:\/\/leenek.com\/kloon\/wp-json\/wp\/v2\/product\/6459\/revisions"}],"wp:featuredmedia":[{"embeddable":true,"href":"https:\/\/leenek.com\/kloon\/wp-json\/wp\/v2\/media\/6457"}],"wp:attachment":[{"href":"https:\/\/leenek.com\/kloon\/wp-json\/wp\/v2\/media?parent=6459"}],"wp:term":[{"taxonomy":"product_cat","embeddable":true,"href":"https:\/\/leenek.com\/kloon\/wp-json\/wp\/v2\/product_cat?post=6459"},{"taxonomy":"product_tag","embeddable":true,"href":"https:\/\/leenek.com\/kloon\/wp-json\/wp\/v2\/product_tag?post=6459"}],"curies":[{"name":"wp","href":"https:\/\/api.w.org\/{rel}","templated":true}]}}