{"id":6316,"date":"2022-10-27T16:48:43","date_gmt":"2022-10-27T13:48:43","guid":{"rendered":"https:\/\/leenek.com\/kloon\/?post_type=product&#038;p=6316"},"modified":"2022-10-27T16:49:22","modified_gmt":"2022-10-27T13:49:22","slug":"olakott-christy-pruunikas-punane","status":"publish","type":"product","link":"https:\/\/leenek.com\/kloon\/product\/olakott-christy-pruunikas-punane\/","title":{"rendered":"\u00d5lakott Christy &#8211; pruunikas punane"},"content":{"rendered":"<p>Pehmest kunstnahast k\u00e4ekott on ideaalse suurusega, kui ei ole vaja v\u00e4ga palju asju kaasas kanda. Mahutab k\u00f5ige t\u00e4htsamad asjad &#8211; telefon, rahakott, m\u00e4rkmik ja veel m\u00f5ned v\u00e4iksemad esemed. Koti tagumisel v\u00e4limisel k\u00fcljel on kaks lukuta taskut, koti sees \u00fcks lukuga tasku. Struktuurilt on kott pehme. K\u00e4epidemed seisavad p\u00fcstiasendis. Kaasas on reguleeritava pikkusega \u00f5larihm.<\/p>\n<p>M\u00f5\u00f5dud:<\/p>\n<ul>\n<li>\u00fclemise serva laius 30 cm<\/li>\n<li>k\u00f5rgus 21 cm<\/li>\n<li>p\u00f5hja laius 26 cm<\/li>\n<li>p\u00f5hja s\u00fcgavus 6 cm<\/li>\n<\/ul>\n<p>Materjalid:<\/p>\n<ul>\n<li>kunstnahk<\/li>\n<li>puuvillane kangas<\/li>\n<\/ul>\n","protected":false},"excerpt":{"rendered":"<p>M\u00f5\u00f5dud:<\/p>\n<ul>\n<li>\u00fclemise serva laius 30 cm<\/li>\n<li>k\u00f5rgus 21 cm<\/li>\n<li>p\u00f5hja laius 26 cm<\/li>\n<li>p\u00f5hja s\u00fcgavus 6 cm<\/li>\n<\/ul>\n","protected":false},"featured_media":6318,"comment_status":"closed","ping_status":"closed","template":"","meta":{"site-sidebar-layout":"default","site-content-layout":"default","ast-global-header-display":"","ast-main-header-display":"","ast-hfb-above-header-display":"","ast-hfb-below-header-display":"","ast-hfb-mobile-header-display":"","site-post-title":"","ast-breadcrumbs-content":"","ast-featured-img":"","footer-sml-layout":"","theme-transparent-header-meta":"default","adv-header-id-meta":"","stick-header-meta":"","header-above-stick-meta":"","header-main-stick-meta":"","header-below-stick-meta":""},"product_cat":[34],"product_tag":[50,72,54],"class_list":["post-6316","product","type-product","status-publish","has-post-thumbnail","hentry","product_cat-kae-ja-olakotid","product_tag-must","product_tag-must-nikkel","product_tag-punane","desktop-align-left","tablet-align-left","mobile-align-left"],"yoast_head":"<!-- This site is optimized with the Yoast SEO plugin v27.5 - https:\/\/yoast.com\/product\/yoast-seo-wordpress\/ -->\n<title>\u00d5lakott Christy - pruunikas punane - Leenek k\u00e4sit\u00f6\u00f6kotid<\/title>\n<meta name=\"robots\" content=\"index, follow, max-snippet:-1, max-image-preview:large, max-video-preview:-1\" \/>\n<link rel=\"canonical\" href=\"https:\/\/leenek.com\/kloon\/product\/olakott-christy-pruunikas-punane\/\" \/>\n<meta property=\"og:locale\" content=\"et_EE\" \/>\n<meta property=\"og:type\" content=\"article\" \/>\n<meta property=\"og:title\" content=\"\u00d5lakott Christy - pruunikas punane - Leenek k\u00e4sit\u00f6\u00f6kotid\" \/>\n<meta property=\"og:description\" content=\"M\u00f5\u00f5dud:   \u00fclemise serva laius 30 cm  k\u00f5rgus 21 cm  p\u00f5hja laius 26 cm  p\u00f5hja s\u00fcgavus 6 cm\" \/>\n<meta property=\"og:url\" content=\"https:\/\/leenek.com\/kloon\/product\/olakott-christy-pruunikas-punane\/\" \/>\n<meta property=\"og:site_name\" content=\"Leenek k\u00e4sit\u00f6\u00f6kotid\" \/>\n<meta property=\"article:modified_time\" content=\"2022-10-27T13:49:22+00:00\" \/>\n<meta property=\"og:image\" content=\"https:\/\/leenek.com\/kloon\/wp-content\/uploads\/2022\/10\/PhotoRoom-20221027_152752-1024x1024.png\" \/>\n\t<meta property=\"og:image:width\" content=\"1024\" \/>\n\t<meta property=\"og:image:height\" content=\"1024\" \/>\n\t<meta property=\"og:image:type\" content=\"image\/png\" \/>\n<meta name=\"twitter:card\" content=\"summary_large_image\" \/>\n<meta name=\"twitter:label1\" content=\"Est. reading time\" \/>\n\t<meta name=\"twitter:data1\" content=\"1 minut\" \/>\n<script type=\"application\/ld+json\" class=\"yoast-schema-graph\">{\"@context\":\"https:\\\/\\\/schema.org\",\"@graph\":[{\"@type\":\"WebPage\",\"@id\":\"https:\\\/\\\/leenek.com\\\/kloon\\\/product\\\/olakott-christy-pruunikas-punane\\\/\",\"url\":\"https:\\\/\\\/leenek.com\\\/kloon\\\/product\\\/olakott-christy-pruunikas-punane\\\/\",\"name\":\"\u00d5lakott Christy - pruunikas punane - Leenek k\u00e4sit\u00f6\u00f6kotid\",\"isPartOf\":{\"@id\":\"https:\\\/\\\/leenek.com\\\/kloon\\\/#website\"},\"primaryImageOfPage\":{\"@id\":\"https:\\\/\\\/leenek.com\\\/kloon\\\/product\\\/olakott-christy-pruunikas-punane\\\/#primaryimage\"},\"image\":{\"@id\":\"https:\\\/\\\/leenek.com\\\/kloon\\\/product\\\/olakott-christy-pruunikas-punane\\\/#primaryimage\"},\"thumbnailUrl\":\"https:\\\/\\\/leenek.com\\\/kloon\\\/wp-content\\\/uploads\\\/2022\\\/10\\\/PhotoRoom-20221027_152752.png\",\"datePublished\":\"2022-10-27T13:48:43+00:00\",\"dateModified\":\"2022-10-27T13:49:22+00:00\",\"breadcrumb\":{\"@id\":\"https:\\\/\\\/leenek.com\\\/kloon\\\/product\\\/olakott-christy-pruunikas-punane\\\/#breadcrumb\"},\"inLanguage\":\"et\",\"potentialAction\":[{\"@type\":\"ReadAction\",\"target\":[\"https:\\\/\\\/leenek.com\\\/kloon\\\/product\\\/olakott-christy-pruunikas-punane\\\/\"]}]},{\"@type\":\"ImageObject\",\"inLanguage\":\"et\",\"@id\":\"https:\\\/\\\/leenek.com\\\/kloon\\\/product\\\/olakott-christy-pruunikas-punane\\\/#primaryimage\",\"url\":\"https:\\\/\\\/leenek.com\\\/kloon\\\/wp-content\\\/uploads\\\/2022\\\/10\\\/PhotoRoom-20221027_152752.png\",\"contentUrl\":\"https:\\\/\\\/leenek.com\\\/kloon\\\/wp-content\\\/uploads\\\/2022\\\/10\\\/PhotoRoom-20221027_152752.png\",\"width\":2000,\"height\":2000},{\"@type\":\"BreadcrumbList\",\"@id\":\"https:\\\/\\\/leenek.com\\\/kloon\\\/product\\\/olakott-christy-pruunikas-punane\\\/#breadcrumb\",\"itemListElement\":[{\"@type\":\"ListItem\",\"position\":1,\"name\":\"Home\",\"item\":\"https:\\\/\\\/leenek.com\\\/kloon\\\/\"},{\"@type\":\"ListItem\",\"position\":2,\"name\":\"Pood\",\"item\":\"https:\\\/\\\/leenek.com\\\/kloon\\\/pood\\\/\"},{\"@type\":\"ListItem\",\"position\":3,\"name\":\"\u00d5lakott Christy &#8211; pruunikas punane\"}]},{\"@type\":\"WebSite\",\"@id\":\"https:\\\/\\\/leenek.com\\\/kloon\\\/#website\",\"url\":\"https:\\\/\\\/leenek.com\\\/kloon\\\/\",\"name\":\"Leenek k\u00e4sit\u00f6\u00f6kotid\",\"description\":\"K\u00e4sti\u00f6\u00f6na valminud kotid ja palju muud\",\"publisher\":{\"@id\":\"https:\\\/\\\/leenek.com\\\/kloon\\\/#organization\"},\"potentialAction\":[{\"@type\":\"SearchAction\",\"target\":{\"@type\":\"EntryPoint\",\"urlTemplate\":\"https:\\\/\\\/leenek.com\\\/kloon\\\/?s={search_term_string}\"},\"query-input\":{\"@type\":\"PropertyValueSpecification\",\"valueRequired\":true,\"valueName\":\"search_term_string\"}}],\"inLanguage\":\"et\"},{\"@type\":\"Organization\",\"@id\":\"https:\\\/\\\/leenek.com\\\/kloon\\\/#organization\",\"name\":\"Leenek k\u00e4sit\u00f6\u00f6kotid\",\"url\":\"https:\\\/\\\/leenek.com\\\/kloon\\\/\",\"logo\":{\"@type\":\"ImageObject\",\"inLanguage\":\"et\",\"@id\":\"https:\\\/\\\/leenek.com\\\/kloon\\\/#\\\/schema\\\/logo\\\/image\\\/\",\"url\":\"https:\\\/\\\/leenek.com\\\/kloon\\\/wp-content\\\/uploads\\\/2021\\\/09\\\/namelogo-lght-grad-transp-3.png\",\"contentUrl\":\"https:\\\/\\\/leenek.com\\\/kloon\\\/wp-content\\\/uploads\\\/2021\\\/09\\\/namelogo-lght-grad-transp-3.png\",\"width\":987,\"height\":307,\"caption\":\"Leenek k\u00e4sit\u00f6\u00f6kotid\"},\"image\":{\"@id\":\"https:\\\/\\\/leenek.com\\\/kloon\\\/#\\\/schema\\\/logo\\\/image\\\/\"}}]}<\/script>\n<!-- \/ Yoast SEO plugin. -->","yoast_head_json":{"title":"\u00d5lakott Christy - pruunikas punane - Leenek k\u00e4sit\u00f6\u00f6kotid","robots":{"index":"index","follow":"follow","max-snippet":"max-snippet:-1","max-image-preview":"max-image-preview:large","max-video-preview":"max-video-preview:-1"},"canonical":"https:\/\/leenek.com\/kloon\/product\/olakott-christy-pruunikas-punane\/","og_locale":"et_EE","og_type":"article","og_title":"\u00d5lakott Christy - pruunikas punane - Leenek k\u00e4sit\u00f6\u00f6kotid","og_description":"M\u00f5\u00f5dud:   \u00fclemise serva laius 30 cm  k\u00f5rgus 21 cm  p\u00f5hja laius 26 cm  p\u00f5hja s\u00fcgavus 6 cm","og_url":"https:\/\/leenek.com\/kloon\/product\/olakott-christy-pruunikas-punane\/","og_site_name":"Leenek k\u00e4sit\u00f6\u00f6kotid","article_modified_time":"2022-10-27T13:49:22+00:00","og_image":[{"width":1024,"height":1024,"url":"https:\/\/leenek.com\/kloon\/wp-content\/uploads\/2022\/10\/PhotoRoom-20221027_152752-1024x1024.png","type":"image\/png"}],"twitter_card":"summary_large_image","twitter_misc":{"Est. reading time":"1 minut"},"schema":{"@context":"https:\/\/schema.org","@graph":[{"@type":"WebPage","@id":"https:\/\/leenek.com\/kloon\/product\/olakott-christy-pruunikas-punane\/","url":"https:\/\/leenek.com\/kloon\/product\/olakott-christy-pruunikas-punane\/","name":"\u00d5lakott Christy - pruunikas punane - Leenek k\u00e4sit\u00f6\u00f6kotid","isPartOf":{"@id":"https:\/\/leenek.com\/kloon\/#website"},"primaryImageOfPage":{"@id":"https:\/\/leenek.com\/kloon\/product\/olakott-christy-pruunikas-punane\/#primaryimage"},"image":{"@id":"https:\/\/leenek.com\/kloon\/product\/olakott-christy-pruunikas-punane\/#primaryimage"},"thumbnailUrl":"https:\/\/leenek.com\/kloon\/wp-content\/uploads\/2022\/10\/PhotoRoom-20221027_152752.png","datePublished":"2022-10-27T13:48:43+00:00","dateModified":"2022-10-27T13:49:22+00:00","breadcrumb":{"@id":"https:\/\/leenek.com\/kloon\/product\/olakott-christy-pruunikas-punane\/#breadcrumb"},"inLanguage":"et","potentialAction":[{"@type":"ReadAction","target":["https:\/\/leenek.com\/kloon\/product\/olakott-christy-pruunikas-punane\/"]}]},{"@type":"ImageObject","inLanguage":"et","@id":"https:\/\/leenek.com\/kloon\/product\/olakott-christy-pruunikas-punane\/#primaryimage","url":"https:\/\/leenek.com\/kloon\/wp-content\/uploads\/2022\/10\/PhotoRoom-20221027_152752.png","contentUrl":"https:\/\/leenek.com\/kloon\/wp-content\/uploads\/2022\/10\/PhotoRoom-20221027_152752.png","width":2000,"height":2000},{"@type":"BreadcrumbList","@id":"https:\/\/leenek.com\/kloon\/product\/olakott-christy-pruunikas-punane\/#breadcrumb","itemListElement":[{"@type":"ListItem","position":1,"name":"Home","item":"https:\/\/leenek.com\/kloon\/"},{"@type":"ListItem","position":2,"name":"Pood","item":"https:\/\/leenek.com\/kloon\/pood\/"},{"@type":"ListItem","position":3,"name":"\u00d5lakott Christy &#8211; pruunikas punane"}]},{"@type":"WebSite","@id":"https:\/\/leenek.com\/kloon\/#website","url":"https:\/\/leenek.com\/kloon\/","name":"Leenek k\u00e4sit\u00f6\u00f6kotid","description":"K\u00e4sti\u00f6\u00f6na valminud kotid ja palju muud","publisher":{"@id":"https:\/\/leenek.com\/kloon\/#organization"},"potentialAction":[{"@type":"SearchAction","target":{"@type":"EntryPoint","urlTemplate":"https:\/\/leenek.com\/kloon\/?s={search_term_string}"},"query-input":{"@type":"PropertyValueSpecification","valueRequired":true,"valueName":"search_term_string"}}],"inLanguage":"et"},{"@type":"Organization","@id":"https:\/\/leenek.com\/kloon\/#organization","name":"Leenek k\u00e4sit\u00f6\u00f6kotid","url":"https:\/\/leenek.com\/kloon\/","logo":{"@type":"ImageObject","inLanguage":"et","@id":"https:\/\/leenek.com\/kloon\/#\/schema\/logo\/image\/","url":"https:\/\/leenek.com\/kloon\/wp-content\/uploads\/2021\/09\/namelogo-lght-grad-transp-3.png","contentUrl":"https:\/\/leenek.com\/kloon\/wp-content\/uploads\/2021\/09\/namelogo-lght-grad-transp-3.png","width":987,"height":307,"caption":"Leenek k\u00e4sit\u00f6\u00f6kotid"},"image":{"@id":"https:\/\/leenek.com\/kloon\/#\/schema\/logo\/image\/"}}]}},"_links":{"self":[{"href":"https:\/\/leenek.com\/kloon\/wp-json\/wp\/v2\/product\/6316","targetHints":{"allow":["GET"]}}],"collection":[{"href":"https:\/\/leenek.com\/kloon\/wp-json\/wp\/v2\/product"}],"about":[{"href":"https:\/\/leenek.com\/kloon\/wp-json\/wp\/v2\/types\/product"}],"replies":[{"embeddable":true,"href":"https:\/\/leenek.com\/kloon\/wp-json\/wp\/v2\/comments?post=6316"}],"version-history":[{"count":1,"href":"https:\/\/leenek.com\/kloon\/wp-json\/wp\/v2\/product\/6316\/revisions"}],"predecessor-version":[{"id":6325,"href":"https:\/\/leenek.com\/kloon\/wp-json\/wp\/v2\/product\/6316\/revisions\/6325"}],"wp:featuredmedia":[{"embeddable":true,"href":"https:\/\/leenek.com\/kloon\/wp-json\/wp\/v2\/media\/6318"}],"wp:attachment":[{"href":"https:\/\/leenek.com\/kloon\/wp-json\/wp\/v2\/media?parent=6316"}],"wp:term":[{"taxonomy":"product_cat","embeddable":true,"href":"https:\/\/leenek.com\/kloon\/wp-json\/wp\/v2\/product_cat?post=6316"},{"taxonomy":"product_tag","embeddable":true,"href":"https:\/\/leenek.com\/kloon\/wp-json\/wp\/v2\/product_tag?post=6316"}],"curies":[{"name":"wp","href":"https:\/\/api.w.org\/{rel}","templated":true}]}}