{"id":5822,"date":"2022-04-23T15:22:05","date_gmt":"2022-04-23T12:22:05","guid":{"rendered":"https:\/\/leenek.com\/kloon\/?post_type=product&#038;p=5822"},"modified":"2022-09-25T22:44:36","modified_gmt":"2022-09-25T19:44:36","slug":"olakott-blossom-valguse-kaes-varvimuutev","status":"publish","type":"product","link":"https:\/\/leenek.com\/kloon\/product\/olakott-blossom-valguse-kaes-varvimuutev\/","title":{"rendered":"\u00d5lakott Blossom &#8211; valguse k\u00e4es v\u00e4rvimuutev"},"content":{"rendered":"<p>See unikaalne \u00f5lakott on p\u00e4ikesevalguse k\u00e4es vahvalt v\u00e4rvimuutev &#8211; lillede hele taust muutub tumelillaks vaid sekunditega. Kui j\u00e4lle UV kiirguste eest peitu saab, taasub aeglaselt esialgne v\u00e4rv. Kott on suhteliselt tugeva struktuuriga, st t\u00fchjana seisab ilusti p\u00fcsti ja hoiab oma kuju. \u00d5larihma pikkus on reguleeritav. Kotil on v\u00e4ljaspool \u00fcks lukuga tasku ja sees \u00fcks lukuta tasku. Vooder on valmistatud veekindlast pol\u00fcesterkangast.<\/p>\n<p>M\u00f5\u00f5dud:<\/p>\n<ul>\n<li>laius 23 cm<\/li>\n<li>k\u00f5rgus 16 cm<\/li>\n<li>s\u00fcgavus 8 cm<\/li>\n<\/ul>\n<p>Materjalid:<\/p>\n<ul>\n<li>kunstnahk<\/li>\n<li>veekindel pol\u00fcesterkangas<\/li>\n<li>pol\u00fcprop\u00fcleenist rihmapael<\/li>\n<\/ul>\n","protected":false},"excerpt":{"rendered":"<p>M\u00f5\u00f5dud:<\/p>\n<ul>\n<li>laius 23 cm<\/li>\n<li>k\u00f5rgus 16 cm<\/li>\n<li>s\u00fcgavus 8 cm<\/li>\n<\/ul>\n","protected":false},"featured_media":5833,"comment_status":"open","ping_status":"closed","template":"","meta":{"site-sidebar-layout":"default","site-content-layout":"default","ast-global-header-display":"","ast-main-header-display":"","ast-hfb-above-header-display":"","ast-hfb-below-header-display":"","ast-hfb-mobile-header-display":"","site-post-title":"","ast-breadcrumbs-content":"","ast-featured-img":"","footer-sml-layout":"","theme-transparent-header-meta":"default","adv-header-id-meta":"","stick-header-meta":"","header-above-stick-meta":"","header-main-stick-meta":"","header-below-stick-meta":""},"product_cat":[34],"product_tag":[55,47,77,46,70],"class_list":["post-5822","product","type-product","status-publish","has-post-thumbnail","hentry","product_cat-kae-ja-olakotid","product_tag-lilleline","product_tag-nikkel","product_tag-roheline","product_tag-roosa","product_tag-sinine","desktop-align-left","tablet-align-left","mobile-align-left"],"yoast_head":"<!-- This site is optimized with the Yoast SEO plugin v27.5 - https:\/\/yoast.com\/product\/yoast-seo-wordpress\/ -->\n<title>\u00d5lakott Blossom - valguse k\u00e4es v\u00e4rvimuutev - Leenek k\u00e4sit\u00f6\u00f6kotid<\/title>\n<meta name=\"robots\" content=\"index, follow, max-snippet:-1, max-image-preview:large, max-video-preview:-1\" \/>\n<link rel=\"canonical\" href=\"https:\/\/leenek.com\/kloon\/product\/olakott-blossom-valguse-kaes-varvimuutev\/\" \/>\n<meta property=\"og:locale\" content=\"et_EE\" \/>\n<meta property=\"og:type\" content=\"article\" \/>\n<meta property=\"og:title\" content=\"\u00d5lakott Blossom - valguse k\u00e4es v\u00e4rvimuutev - Leenek k\u00e4sit\u00f6\u00f6kotid\" \/>\n<meta property=\"og:description\" content=\"M\u00f5\u00f5dud:   laius 23 cm  k\u00f5rgus 16 cm  s\u00fcgavus 8 cm\" \/>\n<meta property=\"og:url\" content=\"https:\/\/leenek.com\/kloon\/product\/olakott-blossom-valguse-kaes-varvimuutev\/\" \/>\n<meta property=\"og:site_name\" content=\"Leenek k\u00e4sit\u00f6\u00f6kotid\" \/>\n<meta property=\"article:modified_time\" content=\"2022-09-25T19:44:36+00:00\" \/>\n<meta property=\"og:image\" content=\"https:\/\/leenek.com\/kloon\/wp-content\/uploads\/2022\/04\/PhotoRoom-20220423_143930-1024x1024.png\" \/>\n\t<meta property=\"og:image:width\" content=\"1024\" \/>\n\t<meta property=\"og:image:height\" content=\"1024\" \/>\n\t<meta property=\"og:image:type\" content=\"image\/png\" \/>\n<meta name=\"twitter:card\" content=\"summary_large_image\" \/>\n<script type=\"application\/ld+json\" class=\"yoast-schema-graph\">{\"@context\":\"https:\\\/\\\/schema.org\",\"@graph\":[{\"@type\":\"WebPage\",\"@id\":\"https:\\\/\\\/leenek.com\\\/kloon\\\/product\\\/olakott-blossom-valguse-kaes-varvimuutev\\\/\",\"url\":\"https:\\\/\\\/leenek.com\\\/kloon\\\/product\\\/olakott-blossom-valguse-kaes-varvimuutev\\\/\",\"name\":\"\u00d5lakott Blossom - valguse k\u00e4es v\u00e4rvimuutev - Leenek k\u00e4sit\u00f6\u00f6kotid\",\"isPartOf\":{\"@id\":\"https:\\\/\\\/leenek.com\\\/kloon\\\/#website\"},\"primaryImageOfPage\":{\"@id\":\"https:\\\/\\\/leenek.com\\\/kloon\\\/product\\\/olakott-blossom-valguse-kaes-varvimuutev\\\/#primaryimage\"},\"image\":{\"@id\":\"https:\\\/\\\/leenek.com\\\/kloon\\\/product\\\/olakott-blossom-valguse-kaes-varvimuutev\\\/#primaryimage\"},\"thumbnailUrl\":\"https:\\\/\\\/leenek.com\\\/kloon\\\/wp-content\\\/uploads\\\/2022\\\/04\\\/PhotoRoom-20220423_143930.png\",\"datePublished\":\"2022-04-23T12:22:05+00:00\",\"dateModified\":\"2022-09-25T19:44:36+00:00\",\"breadcrumb\":{\"@id\":\"https:\\\/\\\/leenek.com\\\/kloon\\\/product\\\/olakott-blossom-valguse-kaes-varvimuutev\\\/#breadcrumb\"},\"inLanguage\":\"et\",\"potentialAction\":[{\"@type\":\"ReadAction\",\"target\":[\"https:\\\/\\\/leenek.com\\\/kloon\\\/product\\\/olakott-blossom-valguse-kaes-varvimuutev\\\/\"]}]},{\"@type\":\"ImageObject\",\"inLanguage\":\"et\",\"@id\":\"https:\\\/\\\/leenek.com\\\/kloon\\\/product\\\/olakott-blossom-valguse-kaes-varvimuutev\\\/#primaryimage\",\"url\":\"https:\\\/\\\/leenek.com\\\/kloon\\\/wp-content\\\/uploads\\\/2022\\\/04\\\/PhotoRoom-20220423_143930.png\",\"contentUrl\":\"https:\\\/\\\/leenek.com\\\/kloon\\\/wp-content\\\/uploads\\\/2022\\\/04\\\/PhotoRoom-20220423_143930.png\",\"width\":2000,\"height\":2000},{\"@type\":\"BreadcrumbList\",\"@id\":\"https:\\\/\\\/leenek.com\\\/kloon\\\/product\\\/olakott-blossom-valguse-kaes-varvimuutev\\\/#breadcrumb\",\"itemListElement\":[{\"@type\":\"ListItem\",\"position\":1,\"name\":\"Home\",\"item\":\"https:\\\/\\\/leenek.com\\\/kloon\\\/\"},{\"@type\":\"ListItem\",\"position\":2,\"name\":\"Pood\",\"item\":\"https:\\\/\\\/leenek.com\\\/kloon\\\/pood\\\/\"},{\"@type\":\"ListItem\",\"position\":3,\"name\":\"\u00d5lakott Blossom &#8211; valguse k\u00e4es v\u00e4rvimuutev\"}]},{\"@type\":\"WebSite\",\"@id\":\"https:\\\/\\\/leenek.com\\\/kloon\\\/#website\",\"url\":\"https:\\\/\\\/leenek.com\\\/kloon\\\/\",\"name\":\"Leenek k\u00e4sit\u00f6\u00f6kotid\",\"description\":\"K\u00e4sti\u00f6\u00f6na valminud kotid ja palju muud\",\"publisher\":{\"@id\":\"https:\\\/\\\/leenek.com\\\/kloon\\\/#organization\"},\"potentialAction\":[{\"@type\":\"SearchAction\",\"target\":{\"@type\":\"EntryPoint\",\"urlTemplate\":\"https:\\\/\\\/leenek.com\\\/kloon\\\/?s={search_term_string}\"},\"query-input\":{\"@type\":\"PropertyValueSpecification\",\"valueRequired\":true,\"valueName\":\"search_term_string\"}}],\"inLanguage\":\"et\"},{\"@type\":\"Organization\",\"@id\":\"https:\\\/\\\/leenek.com\\\/kloon\\\/#organization\",\"name\":\"Leenek k\u00e4sit\u00f6\u00f6kotid\",\"url\":\"https:\\\/\\\/leenek.com\\\/kloon\\\/\",\"logo\":{\"@type\":\"ImageObject\",\"inLanguage\":\"et\",\"@id\":\"https:\\\/\\\/leenek.com\\\/kloon\\\/#\\\/schema\\\/logo\\\/image\\\/\",\"url\":\"https:\\\/\\\/leenek.com\\\/kloon\\\/wp-content\\\/uploads\\\/2021\\\/09\\\/namelogo-lght-grad-transp-3.png\",\"contentUrl\":\"https:\\\/\\\/leenek.com\\\/kloon\\\/wp-content\\\/uploads\\\/2021\\\/09\\\/namelogo-lght-grad-transp-3.png\",\"width\":987,\"height\":307,\"caption\":\"Leenek k\u00e4sit\u00f6\u00f6kotid\"},\"image\":{\"@id\":\"https:\\\/\\\/leenek.com\\\/kloon\\\/#\\\/schema\\\/logo\\\/image\\\/\"}}]}<\/script>\n<!-- \/ Yoast SEO plugin. -->","yoast_head_json":{"title":"\u00d5lakott Blossom - valguse k\u00e4es v\u00e4rvimuutev - Leenek k\u00e4sit\u00f6\u00f6kotid","robots":{"index":"index","follow":"follow","max-snippet":"max-snippet:-1","max-image-preview":"max-image-preview:large","max-video-preview":"max-video-preview:-1"},"canonical":"https:\/\/leenek.com\/kloon\/product\/olakott-blossom-valguse-kaes-varvimuutev\/","og_locale":"et_EE","og_type":"article","og_title":"\u00d5lakott Blossom - valguse k\u00e4es v\u00e4rvimuutev - Leenek k\u00e4sit\u00f6\u00f6kotid","og_description":"M\u00f5\u00f5dud:   laius 23 cm  k\u00f5rgus 16 cm  s\u00fcgavus 8 cm","og_url":"https:\/\/leenek.com\/kloon\/product\/olakott-blossom-valguse-kaes-varvimuutev\/","og_site_name":"Leenek k\u00e4sit\u00f6\u00f6kotid","article_modified_time":"2022-09-25T19:44:36+00:00","og_image":[{"width":1024,"height":1024,"url":"https:\/\/leenek.com\/kloon\/wp-content\/uploads\/2022\/04\/PhotoRoom-20220423_143930-1024x1024.png","type":"image\/png"}],"twitter_card":"summary_large_image","schema":{"@context":"https:\/\/schema.org","@graph":[{"@type":"WebPage","@id":"https:\/\/leenek.com\/kloon\/product\/olakott-blossom-valguse-kaes-varvimuutev\/","url":"https:\/\/leenek.com\/kloon\/product\/olakott-blossom-valguse-kaes-varvimuutev\/","name":"\u00d5lakott Blossom - valguse k\u00e4es v\u00e4rvimuutev - Leenek k\u00e4sit\u00f6\u00f6kotid","isPartOf":{"@id":"https:\/\/leenek.com\/kloon\/#website"},"primaryImageOfPage":{"@id":"https:\/\/leenek.com\/kloon\/product\/olakott-blossom-valguse-kaes-varvimuutev\/#primaryimage"},"image":{"@id":"https:\/\/leenek.com\/kloon\/product\/olakott-blossom-valguse-kaes-varvimuutev\/#primaryimage"},"thumbnailUrl":"https:\/\/leenek.com\/kloon\/wp-content\/uploads\/2022\/04\/PhotoRoom-20220423_143930.png","datePublished":"2022-04-23T12:22:05+00:00","dateModified":"2022-09-25T19:44:36+00:00","breadcrumb":{"@id":"https:\/\/leenek.com\/kloon\/product\/olakott-blossom-valguse-kaes-varvimuutev\/#breadcrumb"},"inLanguage":"et","potentialAction":[{"@type":"ReadAction","target":["https:\/\/leenek.com\/kloon\/product\/olakott-blossom-valguse-kaes-varvimuutev\/"]}]},{"@type":"ImageObject","inLanguage":"et","@id":"https:\/\/leenek.com\/kloon\/product\/olakott-blossom-valguse-kaes-varvimuutev\/#primaryimage","url":"https:\/\/leenek.com\/kloon\/wp-content\/uploads\/2022\/04\/PhotoRoom-20220423_143930.png","contentUrl":"https:\/\/leenek.com\/kloon\/wp-content\/uploads\/2022\/04\/PhotoRoom-20220423_143930.png","width":2000,"height":2000},{"@type":"BreadcrumbList","@id":"https:\/\/leenek.com\/kloon\/product\/olakott-blossom-valguse-kaes-varvimuutev\/#breadcrumb","itemListElement":[{"@type":"ListItem","position":1,"name":"Home","item":"https:\/\/leenek.com\/kloon\/"},{"@type":"ListItem","position":2,"name":"Pood","item":"https:\/\/leenek.com\/kloon\/pood\/"},{"@type":"ListItem","position":3,"name":"\u00d5lakott Blossom &#8211; valguse k\u00e4es v\u00e4rvimuutev"}]},{"@type":"WebSite","@id":"https:\/\/leenek.com\/kloon\/#website","url":"https:\/\/leenek.com\/kloon\/","name":"Leenek k\u00e4sit\u00f6\u00f6kotid","description":"K\u00e4sti\u00f6\u00f6na valminud kotid ja palju muud","publisher":{"@id":"https:\/\/leenek.com\/kloon\/#organization"},"potentialAction":[{"@type":"SearchAction","target":{"@type":"EntryPoint","urlTemplate":"https:\/\/leenek.com\/kloon\/?s={search_term_string}"},"query-input":{"@type":"PropertyValueSpecification","valueRequired":true,"valueName":"search_term_string"}}],"inLanguage":"et"},{"@type":"Organization","@id":"https:\/\/leenek.com\/kloon\/#organization","name":"Leenek k\u00e4sit\u00f6\u00f6kotid","url":"https:\/\/leenek.com\/kloon\/","logo":{"@type":"ImageObject","inLanguage":"et","@id":"https:\/\/leenek.com\/kloon\/#\/schema\/logo\/image\/","url":"https:\/\/leenek.com\/kloon\/wp-content\/uploads\/2021\/09\/namelogo-lght-grad-transp-3.png","contentUrl":"https:\/\/leenek.com\/kloon\/wp-content\/uploads\/2021\/09\/namelogo-lght-grad-transp-3.png","width":987,"height":307,"caption":"Leenek k\u00e4sit\u00f6\u00f6kotid"},"image":{"@id":"https:\/\/leenek.com\/kloon\/#\/schema\/logo\/image\/"}}]}},"_links":{"self":[{"href":"https:\/\/leenek.com\/kloon\/wp-json\/wp\/v2\/product\/5822","targetHints":{"allow":["GET"]}}],"collection":[{"href":"https:\/\/leenek.com\/kloon\/wp-json\/wp\/v2\/product"}],"about":[{"href":"https:\/\/leenek.com\/kloon\/wp-json\/wp\/v2\/types\/product"}],"replies":[{"embeddable":true,"href":"https:\/\/leenek.com\/kloon\/wp-json\/wp\/v2\/comments?post=5822"}],"version-history":[{"count":1,"href":"https:\/\/leenek.com\/kloon\/wp-json\/wp\/v2\/product\/5822\/revisions"}],"predecessor-version":[{"id":5835,"href":"https:\/\/leenek.com\/kloon\/wp-json\/wp\/v2\/product\/5822\/revisions\/5835"}],"wp:featuredmedia":[{"embeddable":true,"href":"https:\/\/leenek.com\/kloon\/wp-json\/wp\/v2\/media\/5833"}],"wp:attachment":[{"href":"https:\/\/leenek.com\/kloon\/wp-json\/wp\/v2\/media?parent=5822"}],"wp:term":[{"taxonomy":"product_cat","embeddable":true,"href":"https:\/\/leenek.com\/kloon\/wp-json\/wp\/v2\/product_cat?post=5822"},{"taxonomy":"product_tag","embeddable":true,"href":"https:\/\/leenek.com\/kloon\/wp-json\/wp\/v2\/product_tag?post=5822"}],"curies":[{"name":"wp","href":"https:\/\/api.w.org\/{rel}","templated":true}]}}