{"id":5560,"date":"2022-01-22T22:42:22","date_gmt":"2022-01-22T20:42:22","guid":{"rendered":"https:\/\/leenek.com\/kloon\/?post_type=product&#038;p=5560"},"modified":"2022-07-09T18:39:42","modified_gmt":"2022-07-09T15:39:42","slug":"kaekott-harriet","status":"publish","type":"product","link":"https:\/\/leenek.com\/kloon\/product\/kaekott-harriet\/","title":{"rendered":"K\u00e4ekott Harriet"},"content":{"rendered":"<p>K\u00e4ekott Harriet on k\u00fclgedel olevate lukkudega suurendatav. Ideaalne kui n\u00e4iteks hommikul vaja kaasa v\u00f5tta v\u00e4hem asju, \u00f5htul poest l\u00e4bi k\u00e4ia ja paar asja kotti panna. Kott sulgub pealt klapiga, mis kinnitub magnetiga koti esipaneeli k\u00fclge. Sees on \u00fcks lukuga ja \u00fcks lukuta tasku. Lukuta tasku mahutab igas suuruses mobiiltelefoni. Koti p\u00f5hjas on kotijalad.<\/p>\n<p>M\u00f5\u00f5dud:<\/p>\n<ul>\n<li>P\u00f5hja laius 32 cm<\/li>\n<li>P\u00f5hja s\u00fcgavus 11 cm<\/li>\n<li>K\u00f5rgus 25 cm<\/li>\n<li>\u00dclemise serva laius 27 &#8211; 36 cm<\/li>\n<li>K\u00e4epidemed &#8211; kogupikkus 67 cm, koti \u00fclemisest servast 62 cm<\/li>\n<\/ul>\n","protected":false},"excerpt":{"rendered":"<p>M\u00f5\u00f5dud:<\/p>\n<ul>\n<li>P\u00f5hja laius 32 cm<\/li>\n<li>P\u00f5hja s\u00fcgavus 11 cm<\/li>\n<li>K\u00f5rgus 25 cm<\/li>\n<li>\u00dclemise serva laius 27 &#8211; 36 cm<\/li>\n<li>K\u00e4epidemed &#8211; kogupikkus 67 cm, koti \u00fclemisest servast 62 cm<\/li>\n<\/ul>\n","protected":false},"featured_media":5568,"comment_status":"open","ping_status":"closed","template":"","meta":{"site-sidebar-layout":"default","site-content-layout":"default","ast-global-header-display":"","ast-main-header-display":"","ast-hfb-above-header-display":"","ast-hfb-below-header-display":"","ast-hfb-mobile-header-display":"","site-post-title":"","ast-breadcrumbs-content":"","ast-featured-img":"","footer-sml-layout":"","theme-transparent-header-meta":"default","adv-header-id-meta":"","stick-header-meta":"","header-above-stick-meta":"","header-main-stick-meta":"","header-below-stick-meta":""},"product_cat":[93],"product_tag":[],"class_list":["post-5560","product","type-product","status-publish","has-post-thumbnail","hentry","product_cat-eritellimus","desktop-align-left","tablet-align-left","mobile-align-left"],"yoast_head":"<!-- This site is optimized with the Yoast SEO plugin v27.5 - https:\/\/yoast.com\/product\/yoast-seo-wordpress\/ -->\n<title>K\u00e4ekott Harriet - Leenek k\u00e4sit\u00f6\u00f6kotid<\/title>\n<meta name=\"robots\" content=\"index, follow, max-snippet:-1, max-image-preview:large, max-video-preview:-1\" \/>\n<link rel=\"canonical\" href=\"https:\/\/leenek.com\/kloon\/product\/kaekott-harriet\/\" \/>\n<meta property=\"og:locale\" content=\"et_EE\" \/>\n<meta property=\"og:type\" content=\"article\" \/>\n<meta property=\"og:title\" content=\"K\u00e4ekott Harriet - Leenek k\u00e4sit\u00f6\u00f6kotid\" \/>\n<meta property=\"og:description\" content=\"M\u00f5\u00f5dud:   P\u00f5hja laius 32 cm  P\u00f5hja s\u00fcgavus 11 cm  K\u00f5rgus 25 cm  \u00dclemise serva laius 27 - 36 cm  K\u00e4epidemed - kogupikkus 67 cm, koti \u00fclemisest servast 62 cm\" \/>\n<meta property=\"og:url\" content=\"https:\/\/leenek.com\/kloon\/product\/kaekott-harriet\/\" \/>\n<meta property=\"og:site_name\" content=\"Leenek k\u00e4sit\u00f6\u00f6kotid\" \/>\n<meta property=\"article:modified_time\" content=\"2022-07-09T15:39:42+00:00\" \/>\n<meta property=\"og:image\" content=\"https:\/\/leenek.com\/kloon\/wp-content\/uploads\/2022\/01\/PhotoRoom-20220122_213214.png\" \/>\n\t<meta property=\"og:image:width\" content=\"1080\" \/>\n\t<meta property=\"og:image:height\" content=\"1080\" \/>\n\t<meta property=\"og:image:type\" content=\"image\/png\" \/>\n<meta name=\"twitter:card\" content=\"summary_large_image\" \/>\n<meta name=\"twitter:label1\" content=\"Est. reading time\" \/>\n\t<meta name=\"twitter:data1\" content=\"1 minut\" \/>\n<script type=\"application\/ld+json\" class=\"yoast-schema-graph\">{\"@context\":\"https:\\\/\\\/schema.org\",\"@graph\":[{\"@type\":\"WebPage\",\"@id\":\"https:\\\/\\\/leenek.com\\\/kloon\\\/product\\\/kaekott-harriet\\\/\",\"url\":\"https:\\\/\\\/leenek.com\\\/kloon\\\/product\\\/kaekott-harriet\\\/\",\"name\":\"K\u00e4ekott Harriet - Leenek k\u00e4sit\u00f6\u00f6kotid\",\"isPartOf\":{\"@id\":\"https:\\\/\\\/leenek.com\\\/kloon\\\/#website\"},\"primaryImageOfPage\":{\"@id\":\"https:\\\/\\\/leenek.com\\\/kloon\\\/product\\\/kaekott-harriet\\\/#primaryimage\"},\"image\":{\"@id\":\"https:\\\/\\\/leenek.com\\\/kloon\\\/product\\\/kaekott-harriet\\\/#primaryimage\"},\"thumbnailUrl\":\"https:\\\/\\\/leenek.com\\\/kloon\\\/wp-content\\\/uploads\\\/2022\\\/01\\\/PhotoRoom-20220122_213214.png\",\"datePublished\":\"2022-01-22T20:42:22+00:00\",\"dateModified\":\"2022-07-09T15:39:42+00:00\",\"breadcrumb\":{\"@id\":\"https:\\\/\\\/leenek.com\\\/kloon\\\/product\\\/kaekott-harriet\\\/#breadcrumb\"},\"inLanguage\":\"et\",\"potentialAction\":[{\"@type\":\"ReadAction\",\"target\":[\"https:\\\/\\\/leenek.com\\\/kloon\\\/product\\\/kaekott-harriet\\\/\"]}]},{\"@type\":\"ImageObject\",\"inLanguage\":\"et\",\"@id\":\"https:\\\/\\\/leenek.com\\\/kloon\\\/product\\\/kaekott-harriet\\\/#primaryimage\",\"url\":\"https:\\\/\\\/leenek.com\\\/kloon\\\/wp-content\\\/uploads\\\/2022\\\/01\\\/PhotoRoom-20220122_213214.png\",\"contentUrl\":\"https:\\\/\\\/leenek.com\\\/kloon\\\/wp-content\\\/uploads\\\/2022\\\/01\\\/PhotoRoom-20220122_213214.png\",\"width\":1080,\"height\":1080,\"caption\":\"Harriet leopard\"},{\"@type\":\"BreadcrumbList\",\"@id\":\"https:\\\/\\\/leenek.com\\\/kloon\\\/product\\\/kaekott-harriet\\\/#breadcrumb\",\"itemListElement\":[{\"@type\":\"ListItem\",\"position\":1,\"name\":\"Home\",\"item\":\"https:\\\/\\\/leenek.com\\\/kloon\\\/\"},{\"@type\":\"ListItem\",\"position\":2,\"name\":\"Pood\",\"item\":\"https:\\\/\\\/leenek.com\\\/kloon\\\/pood\\\/\"},{\"@type\":\"ListItem\",\"position\":3,\"name\":\"K\u00e4ekott Harriet\"}]},{\"@type\":\"WebSite\",\"@id\":\"https:\\\/\\\/leenek.com\\\/kloon\\\/#website\",\"url\":\"https:\\\/\\\/leenek.com\\\/kloon\\\/\",\"name\":\"Leenek k\u00e4sit\u00f6\u00f6kotid\",\"description\":\"K\u00e4sti\u00f6\u00f6na valminud kotid ja palju muud\",\"publisher\":{\"@id\":\"https:\\\/\\\/leenek.com\\\/kloon\\\/#organization\"},\"potentialAction\":[{\"@type\":\"SearchAction\",\"target\":{\"@type\":\"EntryPoint\",\"urlTemplate\":\"https:\\\/\\\/leenek.com\\\/kloon\\\/?s={search_term_string}\"},\"query-input\":{\"@type\":\"PropertyValueSpecification\",\"valueRequired\":true,\"valueName\":\"search_term_string\"}}],\"inLanguage\":\"et\"},{\"@type\":\"Organization\",\"@id\":\"https:\\\/\\\/leenek.com\\\/kloon\\\/#organization\",\"name\":\"Leenek k\u00e4sit\u00f6\u00f6kotid\",\"url\":\"https:\\\/\\\/leenek.com\\\/kloon\\\/\",\"logo\":{\"@type\":\"ImageObject\",\"inLanguage\":\"et\",\"@id\":\"https:\\\/\\\/leenek.com\\\/kloon\\\/#\\\/schema\\\/logo\\\/image\\\/\",\"url\":\"https:\\\/\\\/leenek.com\\\/kloon\\\/wp-content\\\/uploads\\\/2021\\\/09\\\/namelogo-lght-grad-transp-3.png\",\"contentUrl\":\"https:\\\/\\\/leenek.com\\\/kloon\\\/wp-content\\\/uploads\\\/2021\\\/09\\\/namelogo-lght-grad-transp-3.png\",\"width\":987,\"height\":307,\"caption\":\"Leenek k\u00e4sit\u00f6\u00f6kotid\"},\"image\":{\"@id\":\"https:\\\/\\\/leenek.com\\\/kloon\\\/#\\\/schema\\\/logo\\\/image\\\/\"}}]}<\/script>\n<!-- \/ Yoast SEO plugin. -->","yoast_head_json":{"title":"K\u00e4ekott Harriet - Leenek k\u00e4sit\u00f6\u00f6kotid","robots":{"index":"index","follow":"follow","max-snippet":"max-snippet:-1","max-image-preview":"max-image-preview:large","max-video-preview":"max-video-preview:-1"},"canonical":"https:\/\/leenek.com\/kloon\/product\/kaekott-harriet\/","og_locale":"et_EE","og_type":"article","og_title":"K\u00e4ekott Harriet - Leenek k\u00e4sit\u00f6\u00f6kotid","og_description":"M\u00f5\u00f5dud:   P\u00f5hja laius 32 cm  P\u00f5hja s\u00fcgavus 11 cm  K\u00f5rgus 25 cm  \u00dclemise serva laius 27 - 36 cm  K\u00e4epidemed - kogupikkus 67 cm, koti \u00fclemisest servast 62 cm","og_url":"https:\/\/leenek.com\/kloon\/product\/kaekott-harriet\/","og_site_name":"Leenek k\u00e4sit\u00f6\u00f6kotid","article_modified_time":"2022-07-09T15:39:42+00:00","og_image":[{"width":1080,"height":1080,"url":"https:\/\/leenek.com\/kloon\/wp-content\/uploads\/2022\/01\/PhotoRoom-20220122_213214.png","type":"image\/png"}],"twitter_card":"summary_large_image","twitter_misc":{"Est. reading time":"1 minut"},"schema":{"@context":"https:\/\/schema.org","@graph":[{"@type":"WebPage","@id":"https:\/\/leenek.com\/kloon\/product\/kaekott-harriet\/","url":"https:\/\/leenek.com\/kloon\/product\/kaekott-harriet\/","name":"K\u00e4ekott Harriet - Leenek k\u00e4sit\u00f6\u00f6kotid","isPartOf":{"@id":"https:\/\/leenek.com\/kloon\/#website"},"primaryImageOfPage":{"@id":"https:\/\/leenek.com\/kloon\/product\/kaekott-harriet\/#primaryimage"},"image":{"@id":"https:\/\/leenek.com\/kloon\/product\/kaekott-harriet\/#primaryimage"},"thumbnailUrl":"https:\/\/leenek.com\/kloon\/wp-content\/uploads\/2022\/01\/PhotoRoom-20220122_213214.png","datePublished":"2022-01-22T20:42:22+00:00","dateModified":"2022-07-09T15:39:42+00:00","breadcrumb":{"@id":"https:\/\/leenek.com\/kloon\/product\/kaekott-harriet\/#breadcrumb"},"inLanguage":"et","potentialAction":[{"@type":"ReadAction","target":["https:\/\/leenek.com\/kloon\/product\/kaekott-harriet\/"]}]},{"@type":"ImageObject","inLanguage":"et","@id":"https:\/\/leenek.com\/kloon\/product\/kaekott-harriet\/#primaryimage","url":"https:\/\/leenek.com\/kloon\/wp-content\/uploads\/2022\/01\/PhotoRoom-20220122_213214.png","contentUrl":"https:\/\/leenek.com\/kloon\/wp-content\/uploads\/2022\/01\/PhotoRoom-20220122_213214.png","width":1080,"height":1080,"caption":"Harriet leopard"},{"@type":"BreadcrumbList","@id":"https:\/\/leenek.com\/kloon\/product\/kaekott-harriet\/#breadcrumb","itemListElement":[{"@type":"ListItem","position":1,"name":"Home","item":"https:\/\/leenek.com\/kloon\/"},{"@type":"ListItem","position":2,"name":"Pood","item":"https:\/\/leenek.com\/kloon\/pood\/"},{"@type":"ListItem","position":3,"name":"K\u00e4ekott Harriet"}]},{"@type":"WebSite","@id":"https:\/\/leenek.com\/kloon\/#website","url":"https:\/\/leenek.com\/kloon\/","name":"Leenek k\u00e4sit\u00f6\u00f6kotid","description":"K\u00e4sti\u00f6\u00f6na valminud kotid ja palju muud","publisher":{"@id":"https:\/\/leenek.com\/kloon\/#organization"},"potentialAction":[{"@type":"SearchAction","target":{"@type":"EntryPoint","urlTemplate":"https:\/\/leenek.com\/kloon\/?s={search_term_string}"},"query-input":{"@type":"PropertyValueSpecification","valueRequired":true,"valueName":"search_term_string"}}],"inLanguage":"et"},{"@type":"Organization","@id":"https:\/\/leenek.com\/kloon\/#organization","name":"Leenek k\u00e4sit\u00f6\u00f6kotid","url":"https:\/\/leenek.com\/kloon\/","logo":{"@type":"ImageObject","inLanguage":"et","@id":"https:\/\/leenek.com\/kloon\/#\/schema\/logo\/image\/","url":"https:\/\/leenek.com\/kloon\/wp-content\/uploads\/2021\/09\/namelogo-lght-grad-transp-3.png","contentUrl":"https:\/\/leenek.com\/kloon\/wp-content\/uploads\/2021\/09\/namelogo-lght-grad-transp-3.png","width":987,"height":307,"caption":"Leenek k\u00e4sit\u00f6\u00f6kotid"},"image":{"@id":"https:\/\/leenek.com\/kloon\/#\/schema\/logo\/image\/"}}]}},"_links":{"self":[{"href":"https:\/\/leenek.com\/kloon\/wp-json\/wp\/v2\/product\/5560","targetHints":{"allow":["GET"]}}],"collection":[{"href":"https:\/\/leenek.com\/kloon\/wp-json\/wp\/v2\/product"}],"about":[{"href":"https:\/\/leenek.com\/kloon\/wp-json\/wp\/v2\/types\/product"}],"replies":[{"embeddable":true,"href":"https:\/\/leenek.com\/kloon\/wp-json\/wp\/v2\/comments?post=5560"}],"version-history":[{"count":4,"href":"https:\/\/leenek.com\/kloon\/wp-json\/wp\/v2\/product\/5560\/revisions"}],"predecessor-version":[{"id":6163,"href":"https:\/\/leenek.com\/kloon\/wp-json\/wp\/v2\/product\/5560\/revisions\/6163"}],"wp:featuredmedia":[{"embeddable":true,"href":"https:\/\/leenek.com\/kloon\/wp-json\/wp\/v2\/media\/5568"}],"wp:attachment":[{"href":"https:\/\/leenek.com\/kloon\/wp-json\/wp\/v2\/media?parent=5560"}],"wp:term":[{"taxonomy":"product_cat","embeddable":true,"href":"https:\/\/leenek.com\/kloon\/wp-json\/wp\/v2\/product_cat?post=5560"},{"taxonomy":"product_tag","embeddable":true,"href":"https:\/\/leenek.com\/kloon\/wp-json\/wp\/v2\/product_tag?post=5560"}],"curies":[{"name":"wp","href":"https:\/\/api.w.org\/{rel}","templated":true}]}}