{"id":5340,"date":"2021-11-27T00:38:48","date_gmt":"2021-11-26T22:38:48","guid":{"rendered":"https:\/\/leenek.com\/kloon\/?post_type=product&#038;p=5340"},"modified":"2022-02-05T17:15:23","modified_gmt":"2022-02-05T15:15:23","slug":"olakott-leenek-originaal-lilla-ja-kirsioied","status":"publish","type":"product","link":"https:\/\/leenek.com\/kloon\/product\/olakott-leenek-originaal-lilla-ja-kirsioied\/","title":{"rendered":"\u00d5lakott Leenek Originaal &#8211; lilla ja kirsi\u00f5ied"},"content":{"rendered":"<p>M\u00f5tlesime ise v\u00e4lja kotil\u00f5ike ja tulemus on selline! \ud83d\ude42 See on pigem pehme struktuuriga kott &#8211; t\u00fchjana enam v\u00e4hem seisab p\u00fcsti, aga kasutamisel vajub natuke &#8220;l\u00f6ssi&#8221;, st on\u00a0 vieid <em>hobo<\/em> stiilis kott. V\u00e4limisel tagumisel k\u00fcljel avar lukuga tasku, kuhu mahub iga suurusega telefon. Sees lisaks \u00fcks v\u00e4iksem lukuga tasku ja suur lukuta tasku. Lukukelgu k\u00fcljes \u00e4rav\u00f5etav ripats. \u00d5larihm on reguleeritava pikkusega.<\/p>\n<p>M\u00f5\u00f5dud:<\/p>\n<p>33 x 24 x 26 x 8 cm (laius \u00fcleval servas x k\u00f5rgus x p\u00f5hja laius x p\u00f5hja s\u00fcgavus)<\/p>\n<p>Materjalid:<\/p>\n<ul>\n<li>kunstnahk<\/li>\n<li>puuvillane kangas<\/li>\n<\/ul>\n","protected":false},"excerpt":{"rendered":"<p>M\u00f5\u00f5dud:<\/p>\n<p>33 x 24 x 26 x 8 cm (laius \u00fcleval servas x k\u00f5rgus x p\u00f5hja laius x p\u00f5hja s\u00fcgavus)<\/p>\n","protected":false},"featured_media":5345,"comment_status":"open","ping_status":"closed","template":"","meta":{"site-sidebar-layout":"default","site-content-layout":"default","ast-global-header-display":"","ast-main-header-display":"","ast-hfb-above-header-display":"","ast-hfb-below-header-display":"","ast-hfb-mobile-header-display":"","site-post-title":"","ast-breadcrumbs-content":"","ast-featured-img":"","footer-sml-layout":"","theme-transparent-header-meta":"default","adv-header-id-meta":"","stick-header-meta":"","header-above-stick-meta":"","header-main-stick-meta":"","header-below-stick-meta":""},"product_cat":[34],"product_tag":[63,47,80],"class_list":["post-5340","product","type-product","status-publish","has-post-thumbnail","hentry","product_cat-kae-ja-olakotid","product_tag-lilla","product_tag-nikkel","product_tag-valge","desktop-align-left","tablet-align-left","mobile-align-left"],"yoast_head":"<!-- This site is optimized with the Yoast SEO plugin v27.5 - https:\/\/yoast.com\/product\/yoast-seo-wordpress\/ -->\n<title>\u00d5lakott Leenek Originaal - lilla ja kirsi\u00f5ied - Leenek k\u00e4sit\u00f6\u00f6kotid<\/title>\n<meta name=\"robots\" content=\"index, follow, max-snippet:-1, max-image-preview:large, max-video-preview:-1\" \/>\n<link rel=\"canonical\" href=\"https:\/\/leenek.com\/kloon\/product\/olakott-leenek-originaal-lilla-ja-kirsioied\/\" \/>\n<meta property=\"og:locale\" content=\"et_EE\" \/>\n<meta property=\"og:type\" content=\"article\" \/>\n<meta property=\"og:title\" content=\"\u00d5lakott Leenek Originaal - lilla ja kirsi\u00f5ied - Leenek k\u00e4sit\u00f6\u00f6kotid\" \/>\n<meta property=\"og:description\" content=\"M\u00f5\u00f5dud:  33 x 24 x 26 x 8 cm (laius \u00fcleval servas x k\u00f5rgus x p\u00f5hja laius x p\u00f5hja s\u00fcgavus)\" \/>\n<meta property=\"og:url\" content=\"https:\/\/leenek.com\/kloon\/product\/olakott-leenek-originaal-lilla-ja-kirsioied\/\" \/>\n<meta property=\"og:site_name\" content=\"Leenek k\u00e4sit\u00f6\u00f6kotid\" \/>\n<meta property=\"article:modified_time\" content=\"2022-02-05T15:15:23+00:00\" \/>\n<meta property=\"og:image\" content=\"https:\/\/leenek.com\/kloon\/wp-content\/uploads\/2021\/11\/PhotoRoom-20211127_002616.png\" \/>\n\t<meta property=\"og:image:width\" content=\"1080\" \/>\n\t<meta property=\"og:image:height\" content=\"1080\" \/>\n\t<meta property=\"og:image:type\" content=\"image\/png\" \/>\n<meta name=\"twitter:card\" content=\"summary_large_image\" \/>\n<script type=\"application\/ld+json\" class=\"yoast-schema-graph\">{\"@context\":\"https:\\\/\\\/schema.org\",\"@graph\":[{\"@type\":\"WebPage\",\"@id\":\"https:\\\/\\\/leenek.com\\\/kloon\\\/product\\\/olakott-leenek-originaal-lilla-ja-kirsioied\\\/\",\"url\":\"https:\\\/\\\/leenek.com\\\/kloon\\\/product\\\/olakott-leenek-originaal-lilla-ja-kirsioied\\\/\",\"name\":\"\u00d5lakott Leenek Originaal - lilla ja kirsi\u00f5ied - Leenek k\u00e4sit\u00f6\u00f6kotid\",\"isPartOf\":{\"@id\":\"https:\\\/\\\/leenek.com\\\/kloon\\\/#website\"},\"primaryImageOfPage\":{\"@id\":\"https:\\\/\\\/leenek.com\\\/kloon\\\/product\\\/olakott-leenek-originaal-lilla-ja-kirsioied\\\/#primaryimage\"},\"image\":{\"@id\":\"https:\\\/\\\/leenek.com\\\/kloon\\\/product\\\/olakott-leenek-originaal-lilla-ja-kirsioied\\\/#primaryimage\"},\"thumbnailUrl\":\"https:\\\/\\\/leenek.com\\\/kloon\\\/wp-content\\\/uploads\\\/2021\\\/11\\\/PhotoRoom-20211127_002616.png\",\"datePublished\":\"2021-11-26T22:38:48+00:00\",\"dateModified\":\"2022-02-05T15:15:23+00:00\",\"breadcrumb\":{\"@id\":\"https:\\\/\\\/leenek.com\\\/kloon\\\/product\\\/olakott-leenek-originaal-lilla-ja-kirsioied\\\/#breadcrumb\"},\"inLanguage\":\"et\",\"potentialAction\":[{\"@type\":\"ReadAction\",\"target\":[\"https:\\\/\\\/leenek.com\\\/kloon\\\/product\\\/olakott-leenek-originaal-lilla-ja-kirsioied\\\/\"]}]},{\"@type\":\"ImageObject\",\"inLanguage\":\"et\",\"@id\":\"https:\\\/\\\/leenek.com\\\/kloon\\\/product\\\/olakott-leenek-originaal-lilla-ja-kirsioied\\\/#primaryimage\",\"url\":\"https:\\\/\\\/leenek.com\\\/kloon\\\/wp-content\\\/uploads\\\/2021\\\/11\\\/PhotoRoom-20211127_002616.png\",\"contentUrl\":\"https:\\\/\\\/leenek.com\\\/kloon\\\/wp-content\\\/uploads\\\/2021\\\/11\\\/PhotoRoom-20211127_002616.png\",\"width\":1080,\"height\":1080,\"caption\":\"\u00d5lakott Originaal\"},{\"@type\":\"BreadcrumbList\",\"@id\":\"https:\\\/\\\/leenek.com\\\/kloon\\\/product\\\/olakott-leenek-originaal-lilla-ja-kirsioied\\\/#breadcrumb\",\"itemListElement\":[{\"@type\":\"ListItem\",\"position\":1,\"name\":\"Home\",\"item\":\"https:\\\/\\\/leenek.com\\\/kloon\\\/\"},{\"@type\":\"ListItem\",\"position\":2,\"name\":\"Pood\",\"item\":\"https:\\\/\\\/leenek.com\\\/kloon\\\/pood\\\/\"},{\"@type\":\"ListItem\",\"position\":3,\"name\":\"\u00d5lakott Leenek Originaal &#8211; lilla ja kirsi\u00f5ied\"}]},{\"@type\":\"WebSite\",\"@id\":\"https:\\\/\\\/leenek.com\\\/kloon\\\/#website\",\"url\":\"https:\\\/\\\/leenek.com\\\/kloon\\\/\",\"name\":\"Leenek k\u00e4sit\u00f6\u00f6kotid\",\"description\":\"K\u00e4sti\u00f6\u00f6na valminud kotid ja palju muud\",\"publisher\":{\"@id\":\"https:\\\/\\\/leenek.com\\\/kloon\\\/#organization\"},\"potentialAction\":[{\"@type\":\"SearchAction\",\"target\":{\"@type\":\"EntryPoint\",\"urlTemplate\":\"https:\\\/\\\/leenek.com\\\/kloon\\\/?s={search_term_string}\"},\"query-input\":{\"@type\":\"PropertyValueSpecification\",\"valueRequired\":true,\"valueName\":\"search_term_string\"}}],\"inLanguage\":\"et\"},{\"@type\":\"Organization\",\"@id\":\"https:\\\/\\\/leenek.com\\\/kloon\\\/#organization\",\"name\":\"Leenek k\u00e4sit\u00f6\u00f6kotid\",\"url\":\"https:\\\/\\\/leenek.com\\\/kloon\\\/\",\"logo\":{\"@type\":\"ImageObject\",\"inLanguage\":\"et\",\"@id\":\"https:\\\/\\\/leenek.com\\\/kloon\\\/#\\\/schema\\\/logo\\\/image\\\/\",\"url\":\"https:\\\/\\\/leenek.com\\\/kloon\\\/wp-content\\\/uploads\\\/2021\\\/09\\\/namelogo-lght-grad-transp-3.png\",\"contentUrl\":\"https:\\\/\\\/leenek.com\\\/kloon\\\/wp-content\\\/uploads\\\/2021\\\/09\\\/namelogo-lght-grad-transp-3.png\",\"width\":987,\"height\":307,\"caption\":\"Leenek k\u00e4sit\u00f6\u00f6kotid\"},\"image\":{\"@id\":\"https:\\\/\\\/leenek.com\\\/kloon\\\/#\\\/schema\\\/logo\\\/image\\\/\"}}]}<\/script>\n<!-- \/ Yoast SEO plugin. -->","yoast_head_json":{"title":"\u00d5lakott Leenek Originaal - lilla ja kirsi\u00f5ied - Leenek k\u00e4sit\u00f6\u00f6kotid","robots":{"index":"index","follow":"follow","max-snippet":"max-snippet:-1","max-image-preview":"max-image-preview:large","max-video-preview":"max-video-preview:-1"},"canonical":"https:\/\/leenek.com\/kloon\/product\/olakott-leenek-originaal-lilla-ja-kirsioied\/","og_locale":"et_EE","og_type":"article","og_title":"\u00d5lakott Leenek Originaal - lilla ja kirsi\u00f5ied - Leenek k\u00e4sit\u00f6\u00f6kotid","og_description":"M\u00f5\u00f5dud:  33 x 24 x 26 x 8 cm (laius \u00fcleval servas x k\u00f5rgus x p\u00f5hja laius x p\u00f5hja s\u00fcgavus)","og_url":"https:\/\/leenek.com\/kloon\/product\/olakott-leenek-originaal-lilla-ja-kirsioied\/","og_site_name":"Leenek k\u00e4sit\u00f6\u00f6kotid","article_modified_time":"2022-02-05T15:15:23+00:00","og_image":[{"width":1080,"height":1080,"url":"https:\/\/leenek.com\/kloon\/wp-content\/uploads\/2021\/11\/PhotoRoom-20211127_002616.png","type":"image\/png"}],"twitter_card":"summary_large_image","schema":{"@context":"https:\/\/schema.org","@graph":[{"@type":"WebPage","@id":"https:\/\/leenek.com\/kloon\/product\/olakott-leenek-originaal-lilla-ja-kirsioied\/","url":"https:\/\/leenek.com\/kloon\/product\/olakott-leenek-originaal-lilla-ja-kirsioied\/","name":"\u00d5lakott Leenek Originaal - lilla ja kirsi\u00f5ied - Leenek k\u00e4sit\u00f6\u00f6kotid","isPartOf":{"@id":"https:\/\/leenek.com\/kloon\/#website"},"primaryImageOfPage":{"@id":"https:\/\/leenek.com\/kloon\/product\/olakott-leenek-originaal-lilla-ja-kirsioied\/#primaryimage"},"image":{"@id":"https:\/\/leenek.com\/kloon\/product\/olakott-leenek-originaal-lilla-ja-kirsioied\/#primaryimage"},"thumbnailUrl":"https:\/\/leenek.com\/kloon\/wp-content\/uploads\/2021\/11\/PhotoRoom-20211127_002616.png","datePublished":"2021-11-26T22:38:48+00:00","dateModified":"2022-02-05T15:15:23+00:00","breadcrumb":{"@id":"https:\/\/leenek.com\/kloon\/product\/olakott-leenek-originaal-lilla-ja-kirsioied\/#breadcrumb"},"inLanguage":"et","potentialAction":[{"@type":"ReadAction","target":["https:\/\/leenek.com\/kloon\/product\/olakott-leenek-originaal-lilla-ja-kirsioied\/"]}]},{"@type":"ImageObject","inLanguage":"et","@id":"https:\/\/leenek.com\/kloon\/product\/olakott-leenek-originaal-lilla-ja-kirsioied\/#primaryimage","url":"https:\/\/leenek.com\/kloon\/wp-content\/uploads\/2021\/11\/PhotoRoom-20211127_002616.png","contentUrl":"https:\/\/leenek.com\/kloon\/wp-content\/uploads\/2021\/11\/PhotoRoom-20211127_002616.png","width":1080,"height":1080,"caption":"\u00d5lakott Originaal"},{"@type":"BreadcrumbList","@id":"https:\/\/leenek.com\/kloon\/product\/olakott-leenek-originaal-lilla-ja-kirsioied\/#breadcrumb","itemListElement":[{"@type":"ListItem","position":1,"name":"Home","item":"https:\/\/leenek.com\/kloon\/"},{"@type":"ListItem","position":2,"name":"Pood","item":"https:\/\/leenek.com\/kloon\/pood\/"},{"@type":"ListItem","position":3,"name":"\u00d5lakott Leenek Originaal &#8211; lilla ja kirsi\u00f5ied"}]},{"@type":"WebSite","@id":"https:\/\/leenek.com\/kloon\/#website","url":"https:\/\/leenek.com\/kloon\/","name":"Leenek k\u00e4sit\u00f6\u00f6kotid","description":"K\u00e4sti\u00f6\u00f6na valminud kotid ja palju muud","publisher":{"@id":"https:\/\/leenek.com\/kloon\/#organization"},"potentialAction":[{"@type":"SearchAction","target":{"@type":"EntryPoint","urlTemplate":"https:\/\/leenek.com\/kloon\/?s={search_term_string}"},"query-input":{"@type":"PropertyValueSpecification","valueRequired":true,"valueName":"search_term_string"}}],"inLanguage":"et"},{"@type":"Organization","@id":"https:\/\/leenek.com\/kloon\/#organization","name":"Leenek k\u00e4sit\u00f6\u00f6kotid","url":"https:\/\/leenek.com\/kloon\/","logo":{"@type":"ImageObject","inLanguage":"et","@id":"https:\/\/leenek.com\/kloon\/#\/schema\/logo\/image\/","url":"https:\/\/leenek.com\/kloon\/wp-content\/uploads\/2021\/09\/namelogo-lght-grad-transp-3.png","contentUrl":"https:\/\/leenek.com\/kloon\/wp-content\/uploads\/2021\/09\/namelogo-lght-grad-transp-3.png","width":987,"height":307,"caption":"Leenek k\u00e4sit\u00f6\u00f6kotid"},"image":{"@id":"https:\/\/leenek.com\/kloon\/#\/schema\/logo\/image\/"}}]}},"_links":{"self":[{"href":"https:\/\/leenek.com\/kloon\/wp-json\/wp\/v2\/product\/5340","targetHints":{"allow":["GET"]}}],"collection":[{"href":"https:\/\/leenek.com\/kloon\/wp-json\/wp\/v2\/product"}],"about":[{"href":"https:\/\/leenek.com\/kloon\/wp-json\/wp\/v2\/types\/product"}],"replies":[{"embeddable":true,"href":"https:\/\/leenek.com\/kloon\/wp-json\/wp\/v2\/comments?post=5340"}],"version-history":[{"count":2,"href":"https:\/\/leenek.com\/kloon\/wp-json\/wp\/v2\/product\/5340\/revisions"}],"predecessor-version":[{"id":5494,"href":"https:\/\/leenek.com\/kloon\/wp-json\/wp\/v2\/product\/5340\/revisions\/5494"}],"wp:featuredmedia":[{"embeddable":true,"href":"https:\/\/leenek.com\/kloon\/wp-json\/wp\/v2\/media\/5345"}],"wp:attachment":[{"href":"https:\/\/leenek.com\/kloon\/wp-json\/wp\/v2\/media?parent=5340"}],"wp:term":[{"taxonomy":"product_cat","embeddable":true,"href":"https:\/\/leenek.com\/kloon\/wp-json\/wp\/v2\/product_cat?post=5340"},{"taxonomy":"product_tag","embeddable":true,"href":"https:\/\/leenek.com\/kloon\/wp-json\/wp\/v2\/product_tag?post=5340"}],"curies":[{"name":"wp","href":"https:\/\/api.w.org\/{rel}","templated":true}]}}