{"id":5330,"date":"2021-11-27T00:00:37","date_gmt":"2021-11-26T22:00:37","guid":{"rendered":"https:\/\/leenek.com\/kloon\/?post_type=product&#038;p=5330"},"modified":"2022-07-09T19:05:48","modified_gmt":"2022-07-09T16:05:48","slug":"poekott-karla-triip-nootidega","status":"publish","type":"product","link":"https:\/\/leenek.com\/kloon\/product\/poekott-karla-triip-nootidega\/","title":{"rendered":"Poekott &#8211; K\u00e4rla triip nootidega"},"content":{"rendered":"<p>Praktiline poekott K\u00e4rla triibu kanga ja nootidega. Vooder on valmistatud tumesinisest \u00f5hukesest nailonkangast, mida on hea puhastada. Masinas pestav.<\/p>\n<p>M\u00f5\u00f5dud:<\/p>\n<p>39 x 35 x 10 cm (laius x k\u00f5rgus x p\u00f5hja s\u00fcgavus)<\/p>\n<p>Rihmade pikkus 60 cm.<\/p>\n<p>Materjalid:<\/p>\n<ul>\n<li>puuvillane kangas<\/li>\n<li>nailonkangas<\/li>\n<\/ul>\n","protected":false},"excerpt":{"rendered":"<p>M\u00f5\u00f5dud:<\/p>\n<p>39 x 35 x 10 cm (laius x k\u00f5rgus x p\u00f5hja s\u00fcgavus)<\/p>\n<p>Rihmade pikkus 60 cm.<\/p>\n","protected":false},"featured_media":5332,"comment_status":"open","ping_status":"closed","template":"","meta":{"site-sidebar-layout":"default","site-content-layout":"default","ast-global-header-display":"","ast-main-header-display":"","ast-hfb-above-header-display":"","ast-hfb-below-header-display":"","ast-hfb-mobile-header-display":"","site-post-title":"","ast-breadcrumbs-content":"","ast-featured-img":"","footer-sml-layout":"","theme-transparent-header-meta":"default","adv-header-id-meta":"","stick-header-meta":"","header-above-stick-meta":"","header-main-stick-meta":"","header-below-stick-meta":""},"product_cat":[93,95],"product_tag":[64,94],"class_list":["post-5330","product","type-product","status-publish","has-post-thumbnail","hentry","product_cat-eritellimus","product_cat-poekotid","product_tag-hall","product_tag-karla-triip","desktop-align-left","tablet-align-left","mobile-align-left"],"yoast_head":"<!-- This site is optimized with the Yoast SEO plugin v27.5 - https:\/\/yoast.com\/product\/yoast-seo-wordpress\/ -->\n<title>Poekott - K\u00e4rla triip nootidega - Leenek k\u00e4sit\u00f6\u00f6kotid<\/title>\n<meta name=\"robots\" content=\"index, follow, max-snippet:-1, max-image-preview:large, max-video-preview:-1\" \/>\n<link rel=\"canonical\" href=\"https:\/\/leenek.com\/kloon\/product\/poekott-karla-triip-nootidega\/\" \/>\n<meta property=\"og:locale\" content=\"et_EE\" \/>\n<meta property=\"og:type\" content=\"article\" \/>\n<meta property=\"og:title\" content=\"Poekott - K\u00e4rla triip nootidega - Leenek k\u00e4sit\u00f6\u00f6kotid\" \/>\n<meta property=\"og:description\" content=\"M\u00f5\u00f5dud:  39 x 35 x 10 cm (laius x k\u00f5rgus x p\u00f5hja s\u00fcgavus)  Rihmade pikkus 60 cm.\" \/>\n<meta property=\"og:url\" content=\"https:\/\/leenek.com\/kloon\/product\/poekott-karla-triip-nootidega\/\" \/>\n<meta property=\"og:site_name\" content=\"Leenek k\u00e4sit\u00f6\u00f6kotid\" \/>\n<meta property=\"article:modified_time\" content=\"2022-07-09T16:05:48+00:00\" \/>\n<meta property=\"og:image\" content=\"https:\/\/leenek.com\/kloon\/wp-content\/uploads\/2021\/11\/20211126_123612-scaled.jpg\" \/>\n\t<meta property=\"og:image:width\" content=\"2560\" \/>\n\t<meta property=\"og:image:height\" content=\"2560\" \/>\n\t<meta property=\"og:image:type\" content=\"image\/jpeg\" \/>\n<meta name=\"twitter:card\" content=\"summary_large_image\" \/>\n<script type=\"application\/ld+json\" class=\"yoast-schema-graph\">{\"@context\":\"https:\\\/\\\/schema.org\",\"@graph\":[{\"@type\":\"WebPage\",\"@id\":\"https:\\\/\\\/leenek.com\\\/kloon\\\/product\\\/poekott-karla-triip-nootidega\\\/\",\"url\":\"https:\\\/\\\/leenek.com\\\/kloon\\\/product\\\/poekott-karla-triip-nootidega\\\/\",\"name\":\"Poekott - K\u00e4rla triip nootidega - Leenek k\u00e4sit\u00f6\u00f6kotid\",\"isPartOf\":{\"@id\":\"https:\\\/\\\/leenek.com\\\/kloon\\\/#website\"},\"primaryImageOfPage\":{\"@id\":\"https:\\\/\\\/leenek.com\\\/kloon\\\/product\\\/poekott-karla-triip-nootidega\\\/#primaryimage\"},\"image\":{\"@id\":\"https:\\\/\\\/leenek.com\\\/kloon\\\/product\\\/poekott-karla-triip-nootidega\\\/#primaryimage\"},\"thumbnailUrl\":\"https:\\\/\\\/leenek.com\\\/kloon\\\/wp-content\\\/uploads\\\/2021\\\/11\\\/20211126_123612-scaled.jpg\",\"datePublished\":\"2021-11-26T22:00:37+00:00\",\"dateModified\":\"2022-07-09T16:05:48+00:00\",\"breadcrumb\":{\"@id\":\"https:\\\/\\\/leenek.com\\\/kloon\\\/product\\\/poekott-karla-triip-nootidega\\\/#breadcrumb\"},\"inLanguage\":\"et\",\"potentialAction\":[{\"@type\":\"ReadAction\",\"target\":[\"https:\\\/\\\/leenek.com\\\/kloon\\\/product\\\/poekott-karla-triip-nootidega\\\/\"]}]},{\"@type\":\"ImageObject\",\"inLanguage\":\"et\",\"@id\":\"https:\\\/\\\/leenek.com\\\/kloon\\\/product\\\/poekott-karla-triip-nootidega\\\/#primaryimage\",\"url\":\"https:\\\/\\\/leenek.com\\\/kloon\\\/wp-content\\\/uploads\\\/2021\\\/11\\\/20211126_123612-scaled.jpg\",\"contentUrl\":\"https:\\\/\\\/leenek.com\\\/kloon\\\/wp-content\\\/uploads\\\/2021\\\/11\\\/20211126_123612-scaled.jpg\",\"width\":2560,\"height\":2560,\"caption\":\"Poekott K\u00e4rla triip\"},{\"@type\":\"BreadcrumbList\",\"@id\":\"https:\\\/\\\/leenek.com\\\/kloon\\\/product\\\/poekott-karla-triip-nootidega\\\/#breadcrumb\",\"itemListElement\":[{\"@type\":\"ListItem\",\"position\":1,\"name\":\"Home\",\"item\":\"https:\\\/\\\/leenek.com\\\/kloon\\\/\"},{\"@type\":\"ListItem\",\"position\":2,\"name\":\"Pood\",\"item\":\"https:\\\/\\\/leenek.com\\\/kloon\\\/pood\\\/\"},{\"@type\":\"ListItem\",\"position\":3,\"name\":\"Poekott &#8211; K\u00e4rla triip nootidega\"}]},{\"@type\":\"WebSite\",\"@id\":\"https:\\\/\\\/leenek.com\\\/kloon\\\/#website\",\"url\":\"https:\\\/\\\/leenek.com\\\/kloon\\\/\",\"name\":\"Leenek k\u00e4sit\u00f6\u00f6kotid\",\"description\":\"K\u00e4sti\u00f6\u00f6na valminud kotid ja palju muud\",\"publisher\":{\"@id\":\"https:\\\/\\\/leenek.com\\\/kloon\\\/#organization\"},\"potentialAction\":[{\"@type\":\"SearchAction\",\"target\":{\"@type\":\"EntryPoint\",\"urlTemplate\":\"https:\\\/\\\/leenek.com\\\/kloon\\\/?s={search_term_string}\"},\"query-input\":{\"@type\":\"PropertyValueSpecification\",\"valueRequired\":true,\"valueName\":\"search_term_string\"}}],\"inLanguage\":\"et\"},{\"@type\":\"Organization\",\"@id\":\"https:\\\/\\\/leenek.com\\\/kloon\\\/#organization\",\"name\":\"Leenek k\u00e4sit\u00f6\u00f6kotid\",\"url\":\"https:\\\/\\\/leenek.com\\\/kloon\\\/\",\"logo\":{\"@type\":\"ImageObject\",\"inLanguage\":\"et\",\"@id\":\"https:\\\/\\\/leenek.com\\\/kloon\\\/#\\\/schema\\\/logo\\\/image\\\/\",\"url\":\"https:\\\/\\\/leenek.com\\\/kloon\\\/wp-content\\\/uploads\\\/2021\\\/09\\\/namelogo-lght-grad-transp-3.png\",\"contentUrl\":\"https:\\\/\\\/leenek.com\\\/kloon\\\/wp-content\\\/uploads\\\/2021\\\/09\\\/namelogo-lght-grad-transp-3.png\",\"width\":987,\"height\":307,\"caption\":\"Leenek k\u00e4sit\u00f6\u00f6kotid\"},\"image\":{\"@id\":\"https:\\\/\\\/leenek.com\\\/kloon\\\/#\\\/schema\\\/logo\\\/image\\\/\"}}]}<\/script>\n<!-- \/ Yoast SEO plugin. -->","yoast_head_json":{"title":"Poekott - K\u00e4rla triip nootidega - Leenek k\u00e4sit\u00f6\u00f6kotid","robots":{"index":"index","follow":"follow","max-snippet":"max-snippet:-1","max-image-preview":"max-image-preview:large","max-video-preview":"max-video-preview:-1"},"canonical":"https:\/\/leenek.com\/kloon\/product\/poekott-karla-triip-nootidega\/","og_locale":"et_EE","og_type":"article","og_title":"Poekott - K\u00e4rla triip nootidega - Leenek k\u00e4sit\u00f6\u00f6kotid","og_description":"M\u00f5\u00f5dud:  39 x 35 x 10 cm (laius x k\u00f5rgus x p\u00f5hja s\u00fcgavus)  Rihmade pikkus 60 cm.","og_url":"https:\/\/leenek.com\/kloon\/product\/poekott-karla-triip-nootidega\/","og_site_name":"Leenek k\u00e4sit\u00f6\u00f6kotid","article_modified_time":"2022-07-09T16:05:48+00:00","og_image":[{"width":2560,"height":2560,"url":"https:\/\/leenek.com\/kloon\/wp-content\/uploads\/2021\/11\/20211126_123612-scaled.jpg","type":"image\/jpeg"}],"twitter_card":"summary_large_image","schema":{"@context":"https:\/\/schema.org","@graph":[{"@type":"WebPage","@id":"https:\/\/leenek.com\/kloon\/product\/poekott-karla-triip-nootidega\/","url":"https:\/\/leenek.com\/kloon\/product\/poekott-karla-triip-nootidega\/","name":"Poekott - K\u00e4rla triip nootidega - Leenek k\u00e4sit\u00f6\u00f6kotid","isPartOf":{"@id":"https:\/\/leenek.com\/kloon\/#website"},"primaryImageOfPage":{"@id":"https:\/\/leenek.com\/kloon\/product\/poekott-karla-triip-nootidega\/#primaryimage"},"image":{"@id":"https:\/\/leenek.com\/kloon\/product\/poekott-karla-triip-nootidega\/#primaryimage"},"thumbnailUrl":"https:\/\/leenek.com\/kloon\/wp-content\/uploads\/2021\/11\/20211126_123612-scaled.jpg","datePublished":"2021-11-26T22:00:37+00:00","dateModified":"2022-07-09T16:05:48+00:00","breadcrumb":{"@id":"https:\/\/leenek.com\/kloon\/product\/poekott-karla-triip-nootidega\/#breadcrumb"},"inLanguage":"et","potentialAction":[{"@type":"ReadAction","target":["https:\/\/leenek.com\/kloon\/product\/poekott-karla-triip-nootidega\/"]}]},{"@type":"ImageObject","inLanguage":"et","@id":"https:\/\/leenek.com\/kloon\/product\/poekott-karla-triip-nootidega\/#primaryimage","url":"https:\/\/leenek.com\/kloon\/wp-content\/uploads\/2021\/11\/20211126_123612-scaled.jpg","contentUrl":"https:\/\/leenek.com\/kloon\/wp-content\/uploads\/2021\/11\/20211126_123612-scaled.jpg","width":2560,"height":2560,"caption":"Poekott K\u00e4rla triip"},{"@type":"BreadcrumbList","@id":"https:\/\/leenek.com\/kloon\/product\/poekott-karla-triip-nootidega\/#breadcrumb","itemListElement":[{"@type":"ListItem","position":1,"name":"Home","item":"https:\/\/leenek.com\/kloon\/"},{"@type":"ListItem","position":2,"name":"Pood","item":"https:\/\/leenek.com\/kloon\/pood\/"},{"@type":"ListItem","position":3,"name":"Poekott &#8211; K\u00e4rla triip nootidega"}]},{"@type":"WebSite","@id":"https:\/\/leenek.com\/kloon\/#website","url":"https:\/\/leenek.com\/kloon\/","name":"Leenek k\u00e4sit\u00f6\u00f6kotid","description":"K\u00e4sti\u00f6\u00f6na valminud kotid ja palju muud","publisher":{"@id":"https:\/\/leenek.com\/kloon\/#organization"},"potentialAction":[{"@type":"SearchAction","target":{"@type":"EntryPoint","urlTemplate":"https:\/\/leenek.com\/kloon\/?s={search_term_string}"},"query-input":{"@type":"PropertyValueSpecification","valueRequired":true,"valueName":"search_term_string"}}],"inLanguage":"et"},{"@type":"Organization","@id":"https:\/\/leenek.com\/kloon\/#organization","name":"Leenek k\u00e4sit\u00f6\u00f6kotid","url":"https:\/\/leenek.com\/kloon\/","logo":{"@type":"ImageObject","inLanguage":"et","@id":"https:\/\/leenek.com\/kloon\/#\/schema\/logo\/image\/","url":"https:\/\/leenek.com\/kloon\/wp-content\/uploads\/2021\/09\/namelogo-lght-grad-transp-3.png","contentUrl":"https:\/\/leenek.com\/kloon\/wp-content\/uploads\/2021\/09\/namelogo-lght-grad-transp-3.png","width":987,"height":307,"caption":"Leenek k\u00e4sit\u00f6\u00f6kotid"},"image":{"@id":"https:\/\/leenek.com\/kloon\/#\/schema\/logo\/image\/"}}]}},"_links":{"self":[{"href":"https:\/\/leenek.com\/kloon\/wp-json\/wp\/v2\/product\/5330","targetHints":{"allow":["GET"]}}],"collection":[{"href":"https:\/\/leenek.com\/kloon\/wp-json\/wp\/v2\/product"}],"about":[{"href":"https:\/\/leenek.com\/kloon\/wp-json\/wp\/v2\/types\/product"}],"replies":[{"embeddable":true,"href":"https:\/\/leenek.com\/kloon\/wp-json\/wp\/v2\/comments?post=5330"}],"version-history":[{"count":2,"href":"https:\/\/leenek.com\/kloon\/wp-json\/wp\/v2\/product\/5330\/revisions"}],"predecessor-version":[{"id":6171,"href":"https:\/\/leenek.com\/kloon\/wp-json\/wp\/v2\/product\/5330\/revisions\/6171"}],"wp:featuredmedia":[{"embeddable":true,"href":"https:\/\/leenek.com\/kloon\/wp-json\/wp\/v2\/media\/5332"}],"wp:attachment":[{"href":"https:\/\/leenek.com\/kloon\/wp-json\/wp\/v2\/media?parent=5330"}],"wp:term":[{"taxonomy":"product_cat","embeddable":true,"href":"https:\/\/leenek.com\/kloon\/wp-json\/wp\/v2\/product_cat?post=5330"},{"taxonomy":"product_tag","embeddable":true,"href":"https:\/\/leenek.com\/kloon\/wp-json\/wp\/v2\/product_tag?post=5330"}],"curies":[{"name":"wp","href":"https:\/\/api.w.org\/{rel}","templated":true}]}}