{"id":3886,"date":"2021-10-21T21:20:16","date_gmt":"2021-10-21T18:20:16","guid":{"rendered":"https:\/\/leenek.com\/kloon\/?post_type=product&#038;p=3886"},"modified":"2022-08-03T18:03:22","modified_gmt":"2022-08-03T15:03:22","slug":"veepudeli-kott","status":"publish","type":"product","link":"https:\/\/leenek.com\/kloon\/product\/veepudeli-kott\/","title":{"rendered":"Veepudeli kott"},"content":{"rendered":"<p>Kanna veepudelit h\u00f5lbsalt kaasas! Esitaskus \u00fchel pool neli kaarditaskut ja \u00fcks suurem tasku kuhu mahub n\u00e4iteks Samsung S20 telefon mugavalt. Esitasku teisel pool veel \u00fcks tasku. Vooder on valmistatud veekindlast pol\u00fcesterkangast, mida on hea puhastada.<\/p>\n<p>M\u00f5\u00f5dud: 21 x 11 cm ( k\u00f5rgus esik\u00fcljel x kergelt ovaalse p\u00f5hja keskmine l\u00e4bim\u00f5\u00f5t)<\/p>\n<p>Materjalid:<\/p>\n<ul>\n<li>puuvillane kangas<\/li>\n<li>vooder veekindlast pol\u00fcesterkangast<\/li>\n<\/ul>\n","protected":false},"excerpt":{"rendered":"<p>M\u00f5\u00f5dud: 21 x 11 cm ( k\u00f5rgus esik\u00fcljel x kergelt ovaalse p\u00f5hja keskmine l\u00e4bim\u00f5\u00f5t)<\/p>\n","protected":false},"featured_media":3893,"comment_status":"open","ping_status":"closed","template":"","meta":{"site-sidebar-layout":"default","site-content-layout":"default","ast-global-header-display":"","ast-main-header-display":"","ast-hfb-above-header-display":"","ast-hfb-below-header-display":"","ast-hfb-mobile-header-display":"","site-post-title":"","ast-breadcrumbs-content":"","ast-featured-img":"","footer-sml-layout":"","theme-transparent-header-meta":"default","adv-header-id-meta":"","stick-header-meta":"","header-above-stick-meta":"","header-main-stick-meta":"","header-below-stick-meta":""},"product_cat":[34],"product_tag":[81,63,55],"class_list":["post-3886","product","type-product","status-publish","has-post-thumbnail","hentry","product_cat-kae-ja-olakotid","product_tag-hele-kuld","product_tag-lilla","product_tag-lilleline","desktop-align-left","tablet-align-left","mobile-align-left"],"yoast_head":"<!-- This site is optimized with the Yoast SEO plugin v27.5 - https:\/\/yoast.com\/product\/yoast-seo-wordpress\/ -->\n<title>Veepudeli kott - Leenek k\u00e4sit\u00f6\u00f6kotid<\/title>\n<meta name=\"robots\" content=\"index, follow, max-snippet:-1, max-image-preview:large, max-video-preview:-1\" \/>\n<link rel=\"canonical\" href=\"https:\/\/leenek.com\/kloon\/product\/veepudeli-kott\/\" \/>\n<meta property=\"og:locale\" content=\"et_EE\" \/>\n<meta property=\"og:type\" content=\"article\" \/>\n<meta property=\"og:title\" content=\"Veepudeli kott - Leenek k\u00e4sit\u00f6\u00f6kotid\" \/>\n<meta property=\"og:description\" content=\"M\u00f5\u00f5dud: 21 x 11 cm ( k\u00f5rgus esik\u00fcljel x kergelt ovaalse p\u00f5hja keskmine l\u00e4bim\u00f5\u00f5t)\" \/>\n<meta property=\"og:url\" content=\"https:\/\/leenek.com\/kloon\/product\/veepudeli-kott\/\" \/>\n<meta property=\"og:site_name\" content=\"Leenek k\u00e4sit\u00f6\u00f6kotid\" \/>\n<meta property=\"article:modified_time\" content=\"2022-08-03T15:03:22+00:00\" \/>\n<meta property=\"og:image\" content=\"https:\/\/leenek.com\/kloon\/wp-content\/uploads\/2021\/10\/246874364_921180715471423_6883282515133128193_n.png\" \/>\n\t<meta property=\"og:image:width\" content=\"1080\" \/>\n\t<meta property=\"og:image:height\" content=\"1080\" \/>\n\t<meta property=\"og:image:type\" content=\"image\/png\" \/>\n<meta name=\"twitter:card\" content=\"summary_large_image\" \/>\n<script type=\"application\/ld+json\" class=\"yoast-schema-graph\">{\"@context\":\"https:\\\/\\\/schema.org\",\"@graph\":[{\"@type\":\"WebPage\",\"@id\":\"https:\\\/\\\/leenek.com\\\/kloon\\\/product\\\/veepudeli-kott\\\/\",\"url\":\"https:\\\/\\\/leenek.com\\\/kloon\\\/product\\\/veepudeli-kott\\\/\",\"name\":\"Veepudeli kott - Leenek k\u00e4sit\u00f6\u00f6kotid\",\"isPartOf\":{\"@id\":\"https:\\\/\\\/leenek.com\\\/kloon\\\/#website\"},\"primaryImageOfPage\":{\"@id\":\"https:\\\/\\\/leenek.com\\\/kloon\\\/product\\\/veepudeli-kott\\\/#primaryimage\"},\"image\":{\"@id\":\"https:\\\/\\\/leenek.com\\\/kloon\\\/product\\\/veepudeli-kott\\\/#primaryimage\"},\"thumbnailUrl\":\"https:\\\/\\\/leenek.com\\\/kloon\\\/wp-content\\\/uploads\\\/2021\\\/10\\\/246874364_921180715471423_6883282515133128193_n.png\",\"datePublished\":\"2021-10-21T18:20:16+00:00\",\"dateModified\":\"2022-08-03T15:03:22+00:00\",\"breadcrumb\":{\"@id\":\"https:\\\/\\\/leenek.com\\\/kloon\\\/product\\\/veepudeli-kott\\\/#breadcrumb\"},\"inLanguage\":\"et\",\"potentialAction\":[{\"@type\":\"ReadAction\",\"target\":[\"https:\\\/\\\/leenek.com\\\/kloon\\\/product\\\/veepudeli-kott\\\/\"]}]},{\"@type\":\"ImageObject\",\"inLanguage\":\"et\",\"@id\":\"https:\\\/\\\/leenek.com\\\/kloon\\\/product\\\/veepudeli-kott\\\/#primaryimage\",\"url\":\"https:\\\/\\\/leenek.com\\\/kloon\\\/wp-content\\\/uploads\\\/2021\\\/10\\\/246874364_921180715471423_6883282515133128193_n.png\",\"contentUrl\":\"https:\\\/\\\/leenek.com\\\/kloon\\\/wp-content\\\/uploads\\\/2021\\\/10\\\/246874364_921180715471423_6883282515133128193_n.png\",\"width\":1080,\"height\":1080,\"caption\":\"Veepudeli kott\"},{\"@type\":\"BreadcrumbList\",\"@id\":\"https:\\\/\\\/leenek.com\\\/kloon\\\/product\\\/veepudeli-kott\\\/#breadcrumb\",\"itemListElement\":[{\"@type\":\"ListItem\",\"position\":1,\"name\":\"Home\",\"item\":\"https:\\\/\\\/leenek.com\\\/kloon\\\/\"},{\"@type\":\"ListItem\",\"position\":2,\"name\":\"Pood\",\"item\":\"https:\\\/\\\/leenek.com\\\/kloon\\\/pood\\\/\"},{\"@type\":\"ListItem\",\"position\":3,\"name\":\"Veepudeli kott\"}]},{\"@type\":\"WebSite\",\"@id\":\"https:\\\/\\\/leenek.com\\\/kloon\\\/#website\",\"url\":\"https:\\\/\\\/leenek.com\\\/kloon\\\/\",\"name\":\"Leenek k\u00e4sit\u00f6\u00f6kotid\",\"description\":\"K\u00e4sti\u00f6\u00f6na valminud kotid ja palju muud\",\"publisher\":{\"@id\":\"https:\\\/\\\/leenek.com\\\/kloon\\\/#organization\"},\"potentialAction\":[{\"@type\":\"SearchAction\",\"target\":{\"@type\":\"EntryPoint\",\"urlTemplate\":\"https:\\\/\\\/leenek.com\\\/kloon\\\/?s={search_term_string}\"},\"query-input\":{\"@type\":\"PropertyValueSpecification\",\"valueRequired\":true,\"valueName\":\"search_term_string\"}}],\"inLanguage\":\"et\"},{\"@type\":\"Organization\",\"@id\":\"https:\\\/\\\/leenek.com\\\/kloon\\\/#organization\",\"name\":\"Leenek k\u00e4sit\u00f6\u00f6kotid\",\"url\":\"https:\\\/\\\/leenek.com\\\/kloon\\\/\",\"logo\":{\"@type\":\"ImageObject\",\"inLanguage\":\"et\",\"@id\":\"https:\\\/\\\/leenek.com\\\/kloon\\\/#\\\/schema\\\/logo\\\/image\\\/\",\"url\":\"https:\\\/\\\/leenek.com\\\/kloon\\\/wp-content\\\/uploads\\\/2021\\\/09\\\/namelogo-lght-grad-transp-3.png\",\"contentUrl\":\"https:\\\/\\\/leenek.com\\\/kloon\\\/wp-content\\\/uploads\\\/2021\\\/09\\\/namelogo-lght-grad-transp-3.png\",\"width\":987,\"height\":307,\"caption\":\"Leenek k\u00e4sit\u00f6\u00f6kotid\"},\"image\":{\"@id\":\"https:\\\/\\\/leenek.com\\\/kloon\\\/#\\\/schema\\\/logo\\\/image\\\/\"}}]}<\/script>\n<!-- \/ Yoast SEO plugin. -->","yoast_head_json":{"title":"Veepudeli kott - Leenek k\u00e4sit\u00f6\u00f6kotid","robots":{"index":"index","follow":"follow","max-snippet":"max-snippet:-1","max-image-preview":"max-image-preview:large","max-video-preview":"max-video-preview:-1"},"canonical":"https:\/\/leenek.com\/kloon\/product\/veepudeli-kott\/","og_locale":"et_EE","og_type":"article","og_title":"Veepudeli kott - Leenek k\u00e4sit\u00f6\u00f6kotid","og_description":"M\u00f5\u00f5dud: 21 x 11 cm ( k\u00f5rgus esik\u00fcljel x kergelt ovaalse p\u00f5hja keskmine l\u00e4bim\u00f5\u00f5t)","og_url":"https:\/\/leenek.com\/kloon\/product\/veepudeli-kott\/","og_site_name":"Leenek k\u00e4sit\u00f6\u00f6kotid","article_modified_time":"2022-08-03T15:03:22+00:00","og_image":[{"width":1080,"height":1080,"url":"https:\/\/leenek.com\/kloon\/wp-content\/uploads\/2021\/10\/246874364_921180715471423_6883282515133128193_n.png","type":"image\/png"}],"twitter_card":"summary_large_image","schema":{"@context":"https:\/\/schema.org","@graph":[{"@type":"WebPage","@id":"https:\/\/leenek.com\/kloon\/product\/veepudeli-kott\/","url":"https:\/\/leenek.com\/kloon\/product\/veepudeli-kott\/","name":"Veepudeli kott - Leenek k\u00e4sit\u00f6\u00f6kotid","isPartOf":{"@id":"https:\/\/leenek.com\/kloon\/#website"},"primaryImageOfPage":{"@id":"https:\/\/leenek.com\/kloon\/product\/veepudeli-kott\/#primaryimage"},"image":{"@id":"https:\/\/leenek.com\/kloon\/product\/veepudeli-kott\/#primaryimage"},"thumbnailUrl":"https:\/\/leenek.com\/kloon\/wp-content\/uploads\/2021\/10\/246874364_921180715471423_6883282515133128193_n.png","datePublished":"2021-10-21T18:20:16+00:00","dateModified":"2022-08-03T15:03:22+00:00","breadcrumb":{"@id":"https:\/\/leenek.com\/kloon\/product\/veepudeli-kott\/#breadcrumb"},"inLanguage":"et","potentialAction":[{"@type":"ReadAction","target":["https:\/\/leenek.com\/kloon\/product\/veepudeli-kott\/"]}]},{"@type":"ImageObject","inLanguage":"et","@id":"https:\/\/leenek.com\/kloon\/product\/veepudeli-kott\/#primaryimage","url":"https:\/\/leenek.com\/kloon\/wp-content\/uploads\/2021\/10\/246874364_921180715471423_6883282515133128193_n.png","contentUrl":"https:\/\/leenek.com\/kloon\/wp-content\/uploads\/2021\/10\/246874364_921180715471423_6883282515133128193_n.png","width":1080,"height":1080,"caption":"Veepudeli kott"},{"@type":"BreadcrumbList","@id":"https:\/\/leenek.com\/kloon\/product\/veepudeli-kott\/#breadcrumb","itemListElement":[{"@type":"ListItem","position":1,"name":"Home","item":"https:\/\/leenek.com\/kloon\/"},{"@type":"ListItem","position":2,"name":"Pood","item":"https:\/\/leenek.com\/kloon\/pood\/"},{"@type":"ListItem","position":3,"name":"Veepudeli kott"}]},{"@type":"WebSite","@id":"https:\/\/leenek.com\/kloon\/#website","url":"https:\/\/leenek.com\/kloon\/","name":"Leenek k\u00e4sit\u00f6\u00f6kotid","description":"K\u00e4sti\u00f6\u00f6na valminud kotid ja palju muud","publisher":{"@id":"https:\/\/leenek.com\/kloon\/#organization"},"potentialAction":[{"@type":"SearchAction","target":{"@type":"EntryPoint","urlTemplate":"https:\/\/leenek.com\/kloon\/?s={search_term_string}"},"query-input":{"@type":"PropertyValueSpecification","valueRequired":true,"valueName":"search_term_string"}}],"inLanguage":"et"},{"@type":"Organization","@id":"https:\/\/leenek.com\/kloon\/#organization","name":"Leenek k\u00e4sit\u00f6\u00f6kotid","url":"https:\/\/leenek.com\/kloon\/","logo":{"@type":"ImageObject","inLanguage":"et","@id":"https:\/\/leenek.com\/kloon\/#\/schema\/logo\/image\/","url":"https:\/\/leenek.com\/kloon\/wp-content\/uploads\/2021\/09\/namelogo-lght-grad-transp-3.png","contentUrl":"https:\/\/leenek.com\/kloon\/wp-content\/uploads\/2021\/09\/namelogo-lght-grad-transp-3.png","width":987,"height":307,"caption":"Leenek k\u00e4sit\u00f6\u00f6kotid"},"image":{"@id":"https:\/\/leenek.com\/kloon\/#\/schema\/logo\/image\/"}}]}},"_links":{"self":[{"href":"https:\/\/leenek.com\/kloon\/wp-json\/wp\/v2\/product\/3886","targetHints":{"allow":["GET"]}}],"collection":[{"href":"https:\/\/leenek.com\/kloon\/wp-json\/wp\/v2\/product"}],"about":[{"href":"https:\/\/leenek.com\/kloon\/wp-json\/wp\/v2\/types\/product"}],"replies":[{"embeddable":true,"href":"https:\/\/leenek.com\/kloon\/wp-json\/wp\/v2\/comments?post=3886"}],"version-history":[{"count":4,"href":"https:\/\/leenek.com\/kloon\/wp-json\/wp\/v2\/product\/3886\/revisions"}],"predecessor-version":[{"id":5115,"href":"https:\/\/leenek.com\/kloon\/wp-json\/wp\/v2\/product\/3886\/revisions\/5115"}],"wp:featuredmedia":[{"embeddable":true,"href":"https:\/\/leenek.com\/kloon\/wp-json\/wp\/v2\/media\/3893"}],"wp:attachment":[{"href":"https:\/\/leenek.com\/kloon\/wp-json\/wp\/v2\/media?parent=3886"}],"wp:term":[{"taxonomy":"product_cat","embeddable":true,"href":"https:\/\/leenek.com\/kloon\/wp-json\/wp\/v2\/product_cat?post=3886"},{"taxonomy":"product_tag","embeddable":true,"href":"https:\/\/leenek.com\/kloon\/wp-json\/wp\/v2\/product_tag?post=3886"}],"curies":[{"name":"wp","href":"https:\/\/api.w.org\/{rel}","templated":true}]}}