{"id":3494,"date":"2021-10-19T21:38:06","date_gmt":"2021-10-19T18:38:06","guid":{"rendered":"https:\/\/leenek.com\/kloon\/?post_type=product&#038;p=3494"},"modified":"2022-07-09T19:17:18","modified_gmt":"2022-07-09T16:17:18","slug":"seljakott-minni-tumepunane","status":"publish","type":"product","link":"https:\/\/leenek.com\/kloon\/product\/seljakott-minni-tumepunane\/","title":{"rendered":"Seljakott Minni &#8211; tumepunane"},"content":{"rendered":"<p>H\u00e4sti armsa suurusega seljakott! \u00dcleval servas olevast k\u00e4epidemest on kotti mugav haarata. \u00dcks lukuga tasku v\u00e4ljas, \u00fcks lukuga tasku sees. Vooder on valmistatud veekindlast pol\u00fcesterkangast, mida on hea puhastada. Rihmad on reguleeritava pikkusega.<\/p>\n<p>M\u00f5\u00f5dud:<\/p>\n<ul>\n<li>25 x 10 x 28 cm (p\u00f5hja laius x p\u00f5hja s\u00fcgavus x k\u00f5rgus)<\/li>\n<\/ul>\n","protected":false},"excerpt":{"rendered":"<p>M\u00f5\u00f5dud \u2013 25 x 10 x 28 cm (p\u00f5hja laius x p\u00f5hja s\u00fcgavus x k\u00f5rgus)<\/p>\n","protected":false},"featured_media":4341,"comment_status":"open","ping_status":"closed","template":"","meta":{"site-sidebar-layout":"default","site-content-layout":"default","ast-global-header-display":"","ast-main-header-display":"","ast-hfb-above-header-display":"","ast-hfb-below-header-display":"","ast-hfb-mobile-header-display":"","site-post-title":"","ast-breadcrumbs-content":"","ast-featured-img":"","footer-sml-layout":"","theme-transparent-header-meta":"default","adv-header-id-meta":"","stick-header-meta":"","header-above-stick-meta":"","header-main-stick-meta":"","header-below-stick-meta":""},"product_cat":[93],"product_tag":[],"class_list":["post-3494","product","type-product","status-publish","has-post-thumbnail","hentry","product_cat-eritellimus","desktop-align-left","tablet-align-left","mobile-align-left"],"yoast_head":"<!-- This site is optimized with the Yoast SEO plugin v27.5 - https:\/\/yoast.com\/product\/yoast-seo-wordpress\/ -->\n<title>Seljakott Minni - tumepunane - Leenek k\u00e4sit\u00f6\u00f6kotid<\/title>\n<meta name=\"robots\" content=\"index, follow, max-snippet:-1, max-image-preview:large, max-video-preview:-1\" \/>\n<link rel=\"canonical\" href=\"https:\/\/leenek.com\/kloon\/product\/seljakott-minni-tumepunane\/\" \/>\n<meta property=\"og:locale\" content=\"et_EE\" \/>\n<meta property=\"og:type\" content=\"article\" \/>\n<meta property=\"og:title\" content=\"Seljakott Minni - tumepunane - Leenek k\u00e4sit\u00f6\u00f6kotid\" \/>\n<meta property=\"og:description\" content=\"M\u00f5\u00f5dud \u2013 25 x 10 x 28 cm (p\u00f5hja laius x p\u00f5hja s\u00fcgavus x k\u00f5rgus)\" \/>\n<meta property=\"og:url\" content=\"https:\/\/leenek.com\/kloon\/product\/seljakott-minni-tumepunane\/\" \/>\n<meta property=\"og:site_name\" content=\"Leenek k\u00e4sit\u00f6\u00f6kotid\" \/>\n<meta property=\"article:modified_time\" content=\"2022-07-09T16:17:18+00:00\" \/>\n<meta property=\"og:image\" content=\"https:\/\/leenek.com\/kloon\/wp-content\/uploads\/2021\/10\/247733502_1224886311329006_3317788894729218513_n.png\" \/>\n\t<meta property=\"og:image:width\" content=\"1080\" \/>\n\t<meta property=\"og:image:height\" content=\"1080\" \/>\n\t<meta property=\"og:image:type\" content=\"image\/png\" \/>\n<meta name=\"twitter:card\" content=\"summary_large_image\" \/>\n<meta name=\"twitter:label1\" content=\"Est. reading time\" \/>\n\t<meta name=\"twitter:data1\" content=\"1 minut\" \/>\n<script type=\"application\/ld+json\" class=\"yoast-schema-graph\">{\"@context\":\"https:\\\/\\\/schema.org\",\"@graph\":[{\"@type\":\"WebPage\",\"@id\":\"https:\\\/\\\/leenek.com\\\/kloon\\\/product\\\/seljakott-minni-tumepunane\\\/\",\"url\":\"https:\\\/\\\/leenek.com\\\/kloon\\\/product\\\/seljakott-minni-tumepunane\\\/\",\"name\":\"Seljakott Minni - tumepunane - Leenek k\u00e4sit\u00f6\u00f6kotid\",\"isPartOf\":{\"@id\":\"https:\\\/\\\/leenek.com\\\/kloon\\\/#website\"},\"primaryImageOfPage\":{\"@id\":\"https:\\\/\\\/leenek.com\\\/kloon\\\/product\\\/seljakott-minni-tumepunane\\\/#primaryimage\"},\"image\":{\"@id\":\"https:\\\/\\\/leenek.com\\\/kloon\\\/product\\\/seljakott-minni-tumepunane\\\/#primaryimage\"},\"thumbnailUrl\":\"https:\\\/\\\/leenek.com\\\/kloon\\\/wp-content\\\/uploads\\\/2021\\\/10\\\/247733502_1224886311329006_3317788894729218513_n.png\",\"datePublished\":\"2021-10-19T18:38:06+00:00\",\"dateModified\":\"2022-07-09T16:17:18+00:00\",\"breadcrumb\":{\"@id\":\"https:\\\/\\\/leenek.com\\\/kloon\\\/product\\\/seljakott-minni-tumepunane\\\/#breadcrumb\"},\"inLanguage\":\"et\",\"potentialAction\":[{\"@type\":\"ReadAction\",\"target\":[\"https:\\\/\\\/leenek.com\\\/kloon\\\/product\\\/seljakott-minni-tumepunane\\\/\"]}]},{\"@type\":\"ImageObject\",\"inLanguage\":\"et\",\"@id\":\"https:\\\/\\\/leenek.com\\\/kloon\\\/product\\\/seljakott-minni-tumepunane\\\/#primaryimage\",\"url\":\"https:\\\/\\\/leenek.com\\\/kloon\\\/wp-content\\\/uploads\\\/2021\\\/10\\\/247733502_1224886311329006_3317788894729218513_n.png\",\"contentUrl\":\"https:\\\/\\\/leenek.com\\\/kloon\\\/wp-content\\\/uploads\\\/2021\\\/10\\\/247733502_1224886311329006_3317788894729218513_n.png\",\"width\":1080,\"height\":1080,\"caption\":\"Seljakott Minni\"},{\"@type\":\"BreadcrumbList\",\"@id\":\"https:\\\/\\\/leenek.com\\\/kloon\\\/product\\\/seljakott-minni-tumepunane\\\/#breadcrumb\",\"itemListElement\":[{\"@type\":\"ListItem\",\"position\":1,\"name\":\"Home\",\"item\":\"https:\\\/\\\/leenek.com\\\/kloon\\\/\"},{\"@type\":\"ListItem\",\"position\":2,\"name\":\"Pood\",\"item\":\"https:\\\/\\\/leenek.com\\\/kloon\\\/pood\\\/\"},{\"@type\":\"ListItem\",\"position\":3,\"name\":\"Seljakott Minni &#8211; tumepunane\"}]},{\"@type\":\"WebSite\",\"@id\":\"https:\\\/\\\/leenek.com\\\/kloon\\\/#website\",\"url\":\"https:\\\/\\\/leenek.com\\\/kloon\\\/\",\"name\":\"Leenek k\u00e4sit\u00f6\u00f6kotid\",\"description\":\"K\u00e4sti\u00f6\u00f6na valminud kotid ja palju muud\",\"publisher\":{\"@id\":\"https:\\\/\\\/leenek.com\\\/kloon\\\/#organization\"},\"potentialAction\":[{\"@type\":\"SearchAction\",\"target\":{\"@type\":\"EntryPoint\",\"urlTemplate\":\"https:\\\/\\\/leenek.com\\\/kloon\\\/?s={search_term_string}\"},\"query-input\":{\"@type\":\"PropertyValueSpecification\",\"valueRequired\":true,\"valueName\":\"search_term_string\"}}],\"inLanguage\":\"et\"},{\"@type\":\"Organization\",\"@id\":\"https:\\\/\\\/leenek.com\\\/kloon\\\/#organization\",\"name\":\"Leenek k\u00e4sit\u00f6\u00f6kotid\",\"url\":\"https:\\\/\\\/leenek.com\\\/kloon\\\/\",\"logo\":{\"@type\":\"ImageObject\",\"inLanguage\":\"et\",\"@id\":\"https:\\\/\\\/leenek.com\\\/kloon\\\/#\\\/schema\\\/logo\\\/image\\\/\",\"url\":\"https:\\\/\\\/leenek.com\\\/kloon\\\/wp-content\\\/uploads\\\/2021\\\/09\\\/namelogo-lght-grad-transp-3.png\",\"contentUrl\":\"https:\\\/\\\/leenek.com\\\/kloon\\\/wp-content\\\/uploads\\\/2021\\\/09\\\/namelogo-lght-grad-transp-3.png\",\"width\":987,\"height\":307,\"caption\":\"Leenek k\u00e4sit\u00f6\u00f6kotid\"},\"image\":{\"@id\":\"https:\\\/\\\/leenek.com\\\/kloon\\\/#\\\/schema\\\/logo\\\/image\\\/\"}}]}<\/script>\n<!-- \/ Yoast SEO plugin. -->","yoast_head_json":{"title":"Seljakott Minni - tumepunane - Leenek k\u00e4sit\u00f6\u00f6kotid","robots":{"index":"index","follow":"follow","max-snippet":"max-snippet:-1","max-image-preview":"max-image-preview:large","max-video-preview":"max-video-preview:-1"},"canonical":"https:\/\/leenek.com\/kloon\/product\/seljakott-minni-tumepunane\/","og_locale":"et_EE","og_type":"article","og_title":"Seljakott Minni - tumepunane - Leenek k\u00e4sit\u00f6\u00f6kotid","og_description":"M\u00f5\u00f5dud \u2013 25 x 10 x 28 cm (p\u00f5hja laius x p\u00f5hja s\u00fcgavus x k\u00f5rgus)","og_url":"https:\/\/leenek.com\/kloon\/product\/seljakott-minni-tumepunane\/","og_site_name":"Leenek k\u00e4sit\u00f6\u00f6kotid","article_modified_time":"2022-07-09T16:17:18+00:00","og_image":[{"width":1080,"height":1080,"url":"https:\/\/leenek.com\/kloon\/wp-content\/uploads\/2021\/10\/247733502_1224886311329006_3317788894729218513_n.png","type":"image\/png"}],"twitter_card":"summary_large_image","twitter_misc":{"Est. reading time":"1 minut"},"schema":{"@context":"https:\/\/schema.org","@graph":[{"@type":"WebPage","@id":"https:\/\/leenek.com\/kloon\/product\/seljakott-minni-tumepunane\/","url":"https:\/\/leenek.com\/kloon\/product\/seljakott-minni-tumepunane\/","name":"Seljakott Minni - tumepunane - Leenek k\u00e4sit\u00f6\u00f6kotid","isPartOf":{"@id":"https:\/\/leenek.com\/kloon\/#website"},"primaryImageOfPage":{"@id":"https:\/\/leenek.com\/kloon\/product\/seljakott-minni-tumepunane\/#primaryimage"},"image":{"@id":"https:\/\/leenek.com\/kloon\/product\/seljakott-minni-tumepunane\/#primaryimage"},"thumbnailUrl":"https:\/\/leenek.com\/kloon\/wp-content\/uploads\/2021\/10\/247733502_1224886311329006_3317788894729218513_n.png","datePublished":"2021-10-19T18:38:06+00:00","dateModified":"2022-07-09T16:17:18+00:00","breadcrumb":{"@id":"https:\/\/leenek.com\/kloon\/product\/seljakott-minni-tumepunane\/#breadcrumb"},"inLanguage":"et","potentialAction":[{"@type":"ReadAction","target":["https:\/\/leenek.com\/kloon\/product\/seljakott-minni-tumepunane\/"]}]},{"@type":"ImageObject","inLanguage":"et","@id":"https:\/\/leenek.com\/kloon\/product\/seljakott-minni-tumepunane\/#primaryimage","url":"https:\/\/leenek.com\/kloon\/wp-content\/uploads\/2021\/10\/247733502_1224886311329006_3317788894729218513_n.png","contentUrl":"https:\/\/leenek.com\/kloon\/wp-content\/uploads\/2021\/10\/247733502_1224886311329006_3317788894729218513_n.png","width":1080,"height":1080,"caption":"Seljakott Minni"},{"@type":"BreadcrumbList","@id":"https:\/\/leenek.com\/kloon\/product\/seljakott-minni-tumepunane\/#breadcrumb","itemListElement":[{"@type":"ListItem","position":1,"name":"Home","item":"https:\/\/leenek.com\/kloon\/"},{"@type":"ListItem","position":2,"name":"Pood","item":"https:\/\/leenek.com\/kloon\/pood\/"},{"@type":"ListItem","position":3,"name":"Seljakott Minni &#8211; tumepunane"}]},{"@type":"WebSite","@id":"https:\/\/leenek.com\/kloon\/#website","url":"https:\/\/leenek.com\/kloon\/","name":"Leenek k\u00e4sit\u00f6\u00f6kotid","description":"K\u00e4sti\u00f6\u00f6na valminud kotid ja palju muud","publisher":{"@id":"https:\/\/leenek.com\/kloon\/#organization"},"potentialAction":[{"@type":"SearchAction","target":{"@type":"EntryPoint","urlTemplate":"https:\/\/leenek.com\/kloon\/?s={search_term_string}"},"query-input":{"@type":"PropertyValueSpecification","valueRequired":true,"valueName":"search_term_string"}}],"inLanguage":"et"},{"@type":"Organization","@id":"https:\/\/leenek.com\/kloon\/#organization","name":"Leenek k\u00e4sit\u00f6\u00f6kotid","url":"https:\/\/leenek.com\/kloon\/","logo":{"@type":"ImageObject","inLanguage":"et","@id":"https:\/\/leenek.com\/kloon\/#\/schema\/logo\/image\/","url":"https:\/\/leenek.com\/kloon\/wp-content\/uploads\/2021\/09\/namelogo-lght-grad-transp-3.png","contentUrl":"https:\/\/leenek.com\/kloon\/wp-content\/uploads\/2021\/09\/namelogo-lght-grad-transp-3.png","width":987,"height":307,"caption":"Leenek k\u00e4sit\u00f6\u00f6kotid"},"image":{"@id":"https:\/\/leenek.com\/kloon\/#\/schema\/logo\/image\/"}}]}},"_links":{"self":[{"href":"https:\/\/leenek.com\/kloon\/wp-json\/wp\/v2\/product\/3494","targetHints":{"allow":["GET"]}}],"collection":[{"href":"https:\/\/leenek.com\/kloon\/wp-json\/wp\/v2\/product"}],"about":[{"href":"https:\/\/leenek.com\/kloon\/wp-json\/wp\/v2\/types\/product"}],"replies":[{"embeddable":true,"href":"https:\/\/leenek.com\/kloon\/wp-json\/wp\/v2\/comments?post=3494"}],"version-history":[{"count":5,"href":"https:\/\/leenek.com\/kloon\/wp-json\/wp\/v2\/product\/3494\/revisions"}],"predecessor-version":[{"id":6176,"href":"https:\/\/leenek.com\/kloon\/wp-json\/wp\/v2\/product\/3494\/revisions\/6176"}],"wp:featuredmedia":[{"embeddable":true,"href":"https:\/\/leenek.com\/kloon\/wp-json\/wp\/v2\/media\/4341"}],"wp:attachment":[{"href":"https:\/\/leenek.com\/kloon\/wp-json\/wp\/v2\/media?parent=3494"}],"wp:term":[{"taxonomy":"product_cat","embeddable":true,"href":"https:\/\/leenek.com\/kloon\/wp-json\/wp\/v2\/product_cat?post=3494"},{"taxonomy":"product_tag","embeddable":true,"href":"https:\/\/leenek.com\/kloon\/wp-json\/wp\/v2\/product_tag?post=3494"}],"curies":[{"name":"wp","href":"https:\/\/api.w.org\/{rel}","templated":true}]}}